{"id":12550,"date":"2020-12-12T08:53:31","date_gmt":"2020-12-12T08:53:31","guid":{"rendered":"https:\/\/ozlembicer.com\/it\/?page_id=12550"},"modified":"2025-11-29T13:48:01","modified_gmt":"2025-11-29T13:48:01","slug":"chi-e-ozlem-bicer","status":"publish","type":"page","link":"https:\/\/ozlembicer.com\/it\/chi-e-ozlem-bicer\/","title":{"rendered":"Chi \u00e8 Ozlem Bicer"},"content":{"rendered":"<p>[vc_row thsn-bg-color=&#8221;white&#8221; content_placement=&#8221;middle&#8221;][vc_column width=&#8221;1\/2&#8243; css=&#8221;.vc_custom_1565181653979{padding-right: 70px !important;}&#8221; thsn-responsive-css=&#8221;95415368|colbreak_no|||||||||colbreak_no|||||||||colbreak_no||||||15||||colbreak_no|||||||||&#8221;][vc_column_text]<\/p>\n<h1>Ciao! Sono \u00d6zlem Bi\u00e7er, M.D.<\/h1>\n<p>Sono nato il 4 luglio 1973 a Istanbul. Dopo il diploma di maturit\u00e0 al liceo di Anakent, sono stato ammesso alla Facolt\u00e0 di Medicina dell&#8217;Universit\u00e0 di Trakya nel 1992. In questi anni, ho creduto che la mia professione dovesse dare alle persone ci\u00f2 di cui hanno bisogno, meritano e ci\u00f2 che desiderano: &#8220;Salute&#8221;.<\/p>\n<p>I miei anni universitari sono stati pieni di esperienze e ho continuato a camminare sulla mia strada verso il successo con un marito perfetto e un bel figlio. Col tempo, ho deciso che avrei dovuto dare alle persone non solo la salute, ma anche i loro sogni. Dopo aver maturato numerose esperienze in estetica. Sono andata ad allenarmi a Parigi, la capitale della bellezza. E ora ero pronto per aprire la mia prima clinica in Turchia.<\/p>\n<p>Ma non mi sono limitato ai sogni delle persone. Ho cercato di formare pi\u00f9 persone possibile. Per questo motivo da oltre tre anni presento un programma medico alla televisione nazionale, con migliaia di medici e specialisti in diversi campi della medicina. Cos\u00ec, con me, le persone hanno capito che le porte della medicina e dell&#8217;estetica sono state aperte ai loro bisogni e desideri fino alla fine.<\/p>\n<p>Oggi nella mia clinica continuo a raggiungere persone da tutto il mondo con un team di esperti e traduttori professionisti dedicati alla loro soddisfazione.<\/p>\n<p>&nbsp;<\/p>\n<table class=\"table table-striped table-hover table-sm table_results ajax w-auto pma_table\" data-uniqueid=\"1369285123\">\n<tbody>\n<tr>\n<td class=\"data grid_edit click2 not_null text pre_wrap\" data-decimals=\"0\" data-type=\"string\" data-originallength=\"17\"><strong>info@ozlembicer.com<\/strong><\/td>\n<\/tr>\n<\/tbody>\n<\/table>\n<p>[\/vc_column_text][\/vc_column][vc_column width=&#8221;1\/2&#8243; css=&#8221;.vc_custom_1565181581965{padding-left: 63px !important;}&#8221; thsn-responsive-css=&#8221;59569854|colbreak_no|||||||||colbreak_no|||||||||colbreak_no|40|||||||15||colbreak_no|||||||||&#8221;]<div  class=\"thsn-single-image-w thsn-single-hover-yes thsn-video-image-style-1 thsn-small-text-pos-bottom\"><img loading=\"lazy\" decoding=\"async\" width=\"2560\" height=\"1707\" src=\"https:\/\/ozlembicer.com\/it\/wp-content\/uploads\/2020\/12\/IMG_7063-scaled.jpg\" class=\"thsn_vc_single_image-img attachment-full\" alt=\"\" srcset=\"https:\/\/ozlembicer.com\/it\/wp-content\/uploads\/2020\/12\/IMG_7063-scaled.jpg 2560w, https:\/\/ozlembicer.com\/it\/wp-content\/uploads\/2020\/12\/IMG_7063-300x200.jpg 300w, https:\/\/ozlembicer.com\/it\/wp-content\/uploads\/2020\/12\/IMG_7063-1024x683.jpg 1024w, https:\/\/ozlembicer.com\/it\/wp-content\/uploads\/2020\/12\/IMG_7063-768x512.jpg 768w, https:\/\/ozlembicer.com\/it\/wp-content\/uploads\/2020\/12\/IMG_7063-1536x1024.jpg 1536w, https:\/\/ozlembicer.com\/it\/wp-content\/uploads\/2020\/12\/IMG_7063-2048x1365.jpg 2048w, https:\/\/ozlembicer.com\/it\/wp-content\/uploads\/2020\/12\/IMG_7063-770x513.jpg 770w\" sizes=\"auto, (max-width: 2560px) 100vw, 2560px\" data-id=\"12510\" \/><div class=\"thsn-overlay\">[vc_icon icon_fontawesome=\"fa fa-play\" icon_thsn_dentiq_icon=\"thsn-dentiq-icon thsn-dentiq-icon-light\" icon_sgicon=\"sgicon sgicon-WorldWide\" icon_linecons=\"vc_li vc_li-heart\" icon_monosocial=\"vc-mono vc-mono-fivehundredpx\" link=\"url:https%3A%2F%2Fwww.youtube.com%2Fwatch%3Fv%3DtZJYbeCH_Ac|||\" el_class=\"thsn-lightbox thsn-lightbox-video\"]<\/div><a href=\"https:\/\/www.youtube.com\/watch?v=tZJYbeCH_Ac\" class=\"thsn-lightbox thsn-lightbox-video\"><span class=\"themesion-hide\">Click Here<\/span><\/a><\/div>[\/vc_column][\/vc_row][vc_row][vc_column width=&#8221;1\/2&#8243;][vc_column_text]<div id=\"wpfp_6cb6d519b28ba727009df94b03df704e\" data-item=\"{&quot;sources&quot;:[{&quot;src&quot;:&quot;http:\\\/\\\/youtube.com\\\/watch?v=9hdFhmOXBXI&quot;,&quot;type&quot;:&quot;video\\\/youtube&quot;}],&quot;splash&quot;:&quot;https:\\\/\\\/i.ytimg.com\\\/vi\\\/9hdFhmOXBXI\\\/maxresdefault.jpg#auto&quot;}\" class=\"flowplayer no-brand is-splash is-paused skin-slim no-svg fp-slim fp-edgy is-youtube\" data-fv-embed=\"https:\/\/ozlembicer.com\/it\/chi-e-ozlem-bicer\/fvp\/\" style=\"position:relative; max-width: 640px; max-height: 360px; \" data-ratio=\"0.5625\" data-engine=\"fvyoutube\">\n\t<div class=\"fp-ratio\" style=\"padding-top: 56.25%\"><\/div>\n\t<img decoding=\"async\" class=\"fp-splash\" alt=\"video\" src=\"https:\/\/i.ytimg.com\/vi\/9hdFhmOXBXI\/maxresdefault.jpg#auto\" style=\"position:absolute;top:0;width:100%\" \/>\n\t<div class=\"fp-ui\"><noscript>Please enable JavaScript<\/noscript><div class=\"fp-play fp-visible\"><svg class=\"fp-play-sharp-fill\" xmlns=\"http:\/\/www.w3.org\/2000\/svg\" viewBox=\"0 0 100 100\"><defs><style>.fp-color-play{opacity:0.65;}.controlbutton{fill:#fff;}<\/style><\/defs><title>play-sharp-fill<\/title><path class=\"fp-color-play\" d=\"M49.9217-.078a50,50,0,1,0,50,50A50.0564,50.0564,0,0,0,49.9217-.078Z\"\/><polygon class=\"controlbutton\" points=\"73.601 50 37.968 70.573 37.968 29.427 73.601 50\" filter=\"url(#f1)\"\/><\/svg><\/div><div class=\"fp-preload\"><b><\/b><b><\/b><b><\/b><b><\/b><\/div><\/div>\n<div class='fvp-share-bar'><ul class=\"fvp-sharing\">\r\n    <li><a class=\"sharing-facebook\" href=\"https:\/\/www.facebook.com\/sharer\/sharer.php?u=https%3A%2F%2Fozlembicer.com%2Fit%2Fchi-e-ozlem-bicer%2F\" target=\"_blank\"><\/a><\/li>\r\n    <li><a class=\"sharing-twitter\" href=\"https:\/\/twitter.com\/intent\/tweet?text=M.D.+Ozlem+BICER+&url=https%3A%2F%2Fozlembicer.com%2Fit%2Fchi-e-ozlem-bicer%2F\" target=\"_blank\"><\/a><\/li>\r\n    <li><a class=\"sharing-email\" href=\"mailto:?body=Check%20out%20the%20amazing%20video%20here%3A%20https%3A%2F%2Fozlembicer.com%2Fit%2Fchi-e-ozlem-bicer%2F\" target=\"_blank\"><\/a><\/li><\/ul><div><a class=\"sharing-link\" href=\"https:\/\/ozlembicer.com\/it\/chi-e-ozlem-bicer\/\" target=\"_blank\">Link<\/a><\/div><div><label><a class=\"embed-code-toggle\" href=\"#\"><strong>Embed<\/strong><\/a><\/label><\/div><div class=\"embed-code\"><label>Copy and paste this HTML code into your webpage to embed.<\/label><textarea><\/textarea><\/div><\/div>\n<\/div>\n<!-- link converted by FV Player  -->[\/vc_column_text][\/vc_column][vc_column width=&#8221;1\/2&#8243;][vc_column_text]<div id=\"wpfp_f7895906012597bec7a1f0c526292b04\" data-item=\"{&quot;sources&quot;:[{&quot;src&quot;:&quot;http:\\\/\\\/youtube.com\\\/watch?v=NXlBPho9wsc&quot;,&quot;type&quot;:&quot;video\\\/youtube&quot;}],&quot;splash&quot;:&quot;https:\\\/\\\/i.ytimg.com\\\/vi\\\/NXlBPho9wsc\\\/maxresdefault.jpg#auto&quot;}\" class=\"flowplayer no-brand is-splash is-paused skin-slim no-svg fp-slim fp-edgy is-youtube\" data-fv-embed=\"https:\/\/ozlembicer.com\/it\/chi-e-ozlem-bicer\/fvp2\/\" style=\"position:relative; max-width: 640px; max-height: 360px; \" data-ratio=\"0.5625\" data-engine=\"fvyoutube\">\n\t<div class=\"fp-ratio\" style=\"padding-top: 56.25%\"><\/div>\n\t<img decoding=\"async\" class=\"fp-splash\" alt=\"video\" src=\"https:\/\/i.ytimg.com\/vi\/NXlBPho9wsc\/maxresdefault.jpg#auto\" style=\"position:absolute;top:0;width:100%\" \/>\n\t<div class=\"fp-ui\"><noscript>Please enable JavaScript<\/noscript><div class=\"fp-play fp-visible\"><svg class=\"fp-play-sharp-fill\" xmlns=\"http:\/\/www.w3.org\/2000\/svg\" viewBox=\"0 0 100 100\"><defs><style>.fp-color-play{opacity:0.65;}.controlbutton{fill:#fff;}<\/style><\/defs><title>play-sharp-fill<\/title><path class=\"fp-color-play\" d=\"M49.9217-.078a50,50,0,1,0,50,50A50.0564,50.0564,0,0,0,49.9217-.078Z\"\/><polygon class=\"controlbutton\" points=\"73.601 50 37.968 70.573 37.968 29.427 73.601 50\" filter=\"url(#f1)\"\/><\/svg><\/div><div class=\"fp-preload\"><b><\/b><b><\/b><b><\/b><b><\/b><\/div><\/div>\n<div class='fvp-share-bar'><ul class=\"fvp-sharing\">\r\n    <li><a class=\"sharing-facebook\" href=\"https:\/\/www.facebook.com\/sharer\/sharer.php?u=https%3A%2F%2Fozlembicer.com%2Fit%2Fchi-e-ozlem-bicer%2F\" target=\"_blank\"><\/a><\/li>\r\n    <li><a class=\"sharing-twitter\" href=\"https:\/\/twitter.com\/intent\/tweet?text=M.D.+Ozlem+BICER+&url=https%3A%2F%2Fozlembicer.com%2Fit%2Fchi-e-ozlem-bicer%2F\" target=\"_blank\"><\/a><\/li>\r\n    <li><a class=\"sharing-email\" href=\"mailto:?body=Check%20out%20the%20amazing%20video%20here%3A%20https%3A%2F%2Fozlembicer.com%2Fit%2Fchi-e-ozlem-bicer%2F\" target=\"_blank\"><\/a><\/li><\/ul><div><a class=\"sharing-link\" href=\"https:\/\/ozlembicer.com\/it\/chi-e-ozlem-bicer\/\" target=\"_blank\">Link<\/a><\/div><div><label><a class=\"embed-code-toggle\" href=\"#\"><strong>Embed<\/strong><\/a><\/label><\/div><div class=\"embed-code\"><label>Copy and paste this HTML code into your webpage to embed.<\/label><textarea><\/textarea><\/div><\/div>\n<\/div>\n<!-- link converted by FV Player  -->[\/vc_column_text][\/vc_column][\/vc_row][vc_row][vc_column thsn-bg-color=&#8221;blackish&#8221;][\/vc_column][\/vc_row]<\/p>\n","protected":false},"excerpt":{"rendered":"<p>[vc_row thsn-bg-color=&#8221;white&#8221; content_placement=&#8221;middle&#8221;][vc_column width=&#8221;1\/2&#8243; css=&#8221;.vc_custom_1565181653979{padding-right: 70px !important;}&#8221; thsn-responsive-css=&#8221;95415368|colbreak_no|||||||||colbreak_no|||||||||colbreak_no||||||15||||colbreak_no|||||||||&#8221;][vc_column_text] Ciao! Sono \u00d6zlem Bi\u00e7er, M.D. Sono nato il 4 luglio 1973 a Istanbul. Dopo il diploma di maturit\u00e0 al liceo di Anakent, sono stato ammesso alla Facolt\u00e0 di Medicina dell&#8217;Universit\u00e0 di Trakya nel 1992. In questi anni, ho creduto che la mia professione dovesse dare alle persone [&hellip;]<\/p>\n","protected":false},"author":1,"featured_media":13085,"parent":0,"menu_order":4,"comment_status":"closed","ping_status":"closed","template":"","meta":{"footnotes":""},"class_list":["post-12550","page","type-page","status-publish","has-post-thumbnail","hentry"],"acf":[],"yoast_head":"<!-- This site is optimized with the Yoast SEO plugin v24.5 - https:\/\/yoast.com\/wordpress\/plugins\/seo\/ -->\n<title>Chi \u00e8 Ozlem Bicer | M.D. Ozlem BICER<\/title>\n<meta name=\"robots\" content=\"index, follow, max-snippet:-1, max-image-preview:large, max-video-preview:-1\" \/>\n<link rel=\"canonical\" href=\"https:\/\/ozlembicer.com\/it\/chi-e-ozlem-bicer\/\" \/>\n<meta property=\"og:locale\" content=\"tr_TR\" \/>\n<meta property=\"og:type\" content=\"article\" \/>\n<meta property=\"og:title\" content=\"Chi \u00e8 Ozlem Bicer | M.D. Ozlem BICER\" \/>\n<meta property=\"og:description\" content=\"[vc_row thsn-bg-color=&#8221;white&#8221; content_placement=&#8221;middle&#8221;][vc_column width=&#8221;1\/2&#8243; css=&#8221;.vc_custom_1565181653979{padding-right: 70px !important;}&#8221; thsn-responsive-css=&#8221;95415368|colbreak_no|||||||||colbreak_no|||||||||colbreak_no||||||15||||colbreak_no|||||||||&#8221;][vc_column_text] Ciao! Sono \u00d6zlem Bi\u00e7er, M.D. Sono nato il 4 luglio 1973 a Istanbul. Dopo il diploma di maturit\u00e0 al liceo di Anakent, sono stato ammesso alla Facolt\u00e0 di Medicina dell&#8217;Universit\u00e0 di Trakya nel 1992. In questi anni, ho creduto che la mia professione dovesse dare alle persone [&hellip;]\" \/>\n<meta property=\"og:url\" content=\"https:\/\/ozlembicer.com\/it\/chi-e-ozlem-bicer\/\" \/>\n<meta property=\"og:site_name\" content=\"M.D. Ozlem BICER\" \/>\n<meta property=\"article:modified_time\" content=\"2025-11-29T13:48:01+00:00\" \/>\n<meta property=\"og:image\" content=\"http:\/\/ozlembicer.com\/it\/wp-content\/uploads\/2022\/04\/ozlem-bicer-200x200-1.png\" \/>\n\t<meta property=\"og:image:width\" content=\"200\" \/>\n\t<meta property=\"og:image:height\" content=\"200\" \/>\n\t<meta property=\"og:image:type\" content=\"image\/png\" \/>\n<meta name=\"twitter:card\" content=\"summary_large_image\" \/>\n<meta name=\"twitter:label1\" content=\"Tahmini okuma s\u00fcresi\" \/>\n\t<meta name=\"twitter:data1\" content=\"2 dakika\" \/>\n<script type=\"application\/ld+json\" class=\"yoast-schema-graph\">{\"@context\":\"https:\/\/schema.org\",\"@graph\":[{\"@type\":\"WebPage\",\"@id\":\"https:\/\/ozlembicer.com\/it\/chi-e-ozlem-bicer\/\",\"url\":\"https:\/\/ozlembicer.com\/it\/chi-e-ozlem-bicer\/\",\"name\":\"Chi \u00e8 Ozlem Bicer | M.D. Ozlem BICER\",\"isPartOf\":{\"@id\":\"https:\/\/ozlembicer.com\/it\/#website\"},\"primaryImageOfPage\":{\"@id\":\"https:\/\/ozlembicer.com\/it\/chi-e-ozlem-bicer\/#primaryimage\"},\"image\":{\"@id\":\"https:\/\/ozlembicer.com\/it\/chi-e-ozlem-bicer\/#primaryimage\"},\"thumbnailUrl\":\"https:\/\/ozlembicer.com\/it\/wp-content\/uploads\/2022\/04\/ozlem-bicer-200x200-1.png\",\"datePublished\":\"2020-12-12T08:53:31+00:00\",\"dateModified\":\"2025-11-29T13:48:01+00:00\",\"breadcrumb\":{\"@id\":\"https:\/\/ozlembicer.com\/it\/chi-e-ozlem-bicer\/#breadcrumb\"},\"inLanguage\":\"tr\",\"potentialAction\":[{\"@type\":\"ReadAction\",\"target\":[\"https:\/\/ozlembicer.com\/it\/chi-e-ozlem-bicer\/\"]}]},{\"@type\":\"ImageObject\",\"inLanguage\":\"tr\",\"@id\":\"https:\/\/ozlembicer.com\/it\/chi-e-ozlem-bicer\/#primaryimage\",\"url\":\"https:\/\/ozlembicer.com\/it\/wp-content\/uploads\/2022\/04\/ozlem-bicer-200x200-1.png\",\"contentUrl\":\"https:\/\/ozlembicer.com\/it\/wp-content\/uploads\/2022\/04\/ozlem-bicer-200x200-1.png\",\"width\":200,\"height\":200},{\"@type\":\"BreadcrumbList\",\"@id\":\"https:\/\/ozlembicer.com\/it\/chi-e-ozlem-bicer\/#breadcrumb\",\"itemListElement\":[{\"@type\":\"ListItem\",\"position\":1,\"name\":\"Anasayfa\",\"item\":\"http:\/\/ozlembicer.com\/it\/\"},{\"@type\":\"ListItem\",\"position\":2,\"name\":\"Chi \u00e8 Ozlem Bicer\"}]},{\"@type\":\"WebSite\",\"@id\":\"https:\/\/ozlembicer.com\/it\/#website\",\"url\":\"https:\/\/ozlembicer.com\/it\/\",\"name\":\"M.D. Ozlem BICER\",\"description\":\"Aesthetics is where art and medicine meets.\",\"publisher\":{\"@id\":\"https:\/\/ozlembicer.com\/it\/#organization\"},\"potentialAction\":[{\"@type\":\"SearchAction\",\"target\":{\"@type\":\"EntryPoint\",\"urlTemplate\":\"https:\/\/ozlembicer.com\/it\/?s={search_term_string}\"},\"query-input\":{\"@type\":\"PropertyValueSpecification\",\"valueRequired\":true,\"valueName\":\"search_term_string\"}}],\"inLanguage\":\"tr\"},{\"@type\":\"Organization\",\"@id\":\"https:\/\/ozlembicer.com\/it\/#organization\",\"name\":\"Dr. \u00d6zlem Bi\u00e7er\",\"url\":\"https:\/\/ozlembicer.com\/it\/\",\"logo\":{\"@type\":\"ImageObject\",\"inLanguage\":\"tr\",\"@id\":\"https:\/\/ozlembicer.com\/it\/#\/schema\/logo\/image\/\",\"url\":\"http:\/\/ozlembicer.com\/it\/wp-content\/uploads\/2022\/02\/ozlembicer-logo.jpeg\",\"contentUrl\":\"http:\/\/ozlembicer.com\/it\/wp-content\/uploads\/2022\/02\/ozlembicer-logo.jpeg\",\"width\":1600,\"height\":1600,\"caption\":\"Dr. \u00d6zlem Bi\u00e7er\"},\"image\":{\"@id\":\"https:\/\/ozlembicer.com\/it\/#\/schema\/logo\/image\/\"}}]}<\/script>\n<!-- \/ Yoast SEO plugin. -->","yoast_head_json":{"title":"Chi \u00e8 Ozlem Bicer | M.D. Ozlem BICER","robots":{"index":"index","follow":"follow","max-snippet":"max-snippet:-1","max-image-preview":"max-image-preview:large","max-video-preview":"max-video-preview:-1"},"canonical":"https:\/\/ozlembicer.com\/it\/chi-e-ozlem-bicer\/","og_locale":"tr_TR","og_type":"article","og_title":"Chi \u00e8 Ozlem Bicer | M.D. Ozlem BICER","og_description":"[vc_row thsn-bg-color=&#8221;white&#8221; content_placement=&#8221;middle&#8221;][vc_column width=&#8221;1\/2&#8243; css=&#8221;.vc_custom_1565181653979{padding-right: 70px !important;}&#8221; thsn-responsive-css=&#8221;95415368|colbreak_no|||||||||colbreak_no|||||||||colbreak_no||||||15||||colbreak_no|||||||||&#8221;][vc_column_text] Ciao! Sono \u00d6zlem Bi\u00e7er, M.D. Sono nato il 4 luglio 1973 a Istanbul. Dopo il diploma di maturit\u00e0 al liceo di Anakent, sono stato ammesso alla Facolt\u00e0 di Medicina dell&#8217;Universit\u00e0 di Trakya nel 1992. In questi anni, ho creduto che la mia professione dovesse dare alle persone [&hellip;]","og_url":"https:\/\/ozlembicer.com\/it\/chi-e-ozlem-bicer\/","og_site_name":"M.D. Ozlem BICER","article_modified_time":"2025-11-29T13:48:01+00:00","og_image":[{"width":200,"height":200,"url":"http:\/\/ozlembicer.com\/it\/wp-content\/uploads\/2022\/04\/ozlem-bicer-200x200-1.png","type":"image\/png"}],"twitter_card":"summary_large_image","twitter_misc":{"Tahmini okuma s\u00fcresi":"2 dakika"},"schema":{"@context":"https:\/\/schema.org","@graph":[{"@type":"WebPage","@id":"https:\/\/ozlembicer.com\/it\/chi-e-ozlem-bicer\/","url":"https:\/\/ozlembicer.com\/it\/chi-e-ozlem-bicer\/","name":"Chi \u00e8 Ozlem Bicer | M.D. Ozlem BICER","isPartOf":{"@id":"https:\/\/ozlembicer.com\/it\/#website"},"primaryImageOfPage":{"@id":"https:\/\/ozlembicer.com\/it\/chi-e-ozlem-bicer\/#primaryimage"},"image":{"@id":"https:\/\/ozlembicer.com\/it\/chi-e-ozlem-bicer\/#primaryimage"},"thumbnailUrl":"https:\/\/ozlembicer.com\/it\/wp-content\/uploads\/2022\/04\/ozlem-bicer-200x200-1.png","datePublished":"2020-12-12T08:53:31+00:00","dateModified":"2025-11-29T13:48:01+00:00","breadcrumb":{"@id":"https:\/\/ozlembicer.com\/it\/chi-e-ozlem-bicer\/#breadcrumb"},"inLanguage":"tr","potentialAction":[{"@type":"ReadAction","target":["https:\/\/ozlembicer.com\/it\/chi-e-ozlem-bicer\/"]}]},{"@type":"ImageObject","inLanguage":"tr","@id":"https:\/\/ozlembicer.com\/it\/chi-e-ozlem-bicer\/#primaryimage","url":"https:\/\/ozlembicer.com\/it\/wp-content\/uploads\/2022\/04\/ozlem-bicer-200x200-1.png","contentUrl":"https:\/\/ozlembicer.com\/it\/wp-content\/uploads\/2022\/04\/ozlem-bicer-200x200-1.png","width":200,"height":200},{"@type":"BreadcrumbList","@id":"https:\/\/ozlembicer.com\/it\/chi-e-ozlem-bicer\/#breadcrumb","itemListElement":[{"@type":"ListItem","position":1,"name":"Anasayfa","item":"http:\/\/ozlembicer.com\/it\/"},{"@type":"ListItem","position":2,"name":"Chi \u00e8 Ozlem Bicer"}]},{"@type":"WebSite","@id":"https:\/\/ozlembicer.com\/it\/#website","url":"https:\/\/ozlembicer.com\/it\/","name":"M.D. Ozlem BICER","description":"Aesthetics is where art and medicine meets.","publisher":{"@id":"https:\/\/ozlembicer.com\/it\/#organization"},"potentialAction":[{"@type":"SearchAction","target":{"@type":"EntryPoint","urlTemplate":"https:\/\/ozlembicer.com\/it\/?s={search_term_string}"},"query-input":{"@type":"PropertyValueSpecification","valueRequired":true,"valueName":"search_term_string"}}],"inLanguage":"tr"},{"@type":"Organization","@id":"https:\/\/ozlembicer.com\/it\/#organization","name":"Dr. \u00d6zlem Bi\u00e7er","url":"https:\/\/ozlembicer.com\/it\/","logo":{"@type":"ImageObject","inLanguage":"tr","@id":"https:\/\/ozlembicer.com\/it\/#\/schema\/logo\/image\/","url":"http:\/\/ozlembicer.com\/it\/wp-content\/uploads\/2022\/02\/ozlembicer-logo.jpeg","contentUrl":"http:\/\/ozlembicer.com\/it\/wp-content\/uploads\/2022\/02\/ozlembicer-logo.jpeg","width":1600,"height":1600,"caption":"Dr. \u00d6zlem Bi\u00e7er"},"image":{"@id":"https:\/\/ozlembicer.com\/it\/#\/schema\/logo\/image\/"}}]}},"_links":{"self":[{"href":"https:\/\/ozlembicer.com\/it\/wp-json\/wp\/v2\/pages\/12550","targetHints":{"allow":["GET"]}}],"collection":[{"href":"https:\/\/ozlembicer.com\/it\/wp-json\/wp\/v2\/pages"}],"about":[{"href":"https:\/\/ozlembicer.com\/it\/wp-json\/wp\/v2\/types\/page"}],"author":[{"embeddable":true,"href":"https:\/\/ozlembicer.com\/it\/wp-json\/wp\/v2\/users\/1"}],"replies":[{"embeddable":true,"href":"https:\/\/ozlembicer.com\/it\/wp-json\/wp\/v2\/comments?post=12550"}],"version-history":[{"count":13,"href":"https:\/\/ozlembicer.com\/it\/wp-json\/wp\/v2\/pages\/12550\/revisions"}],"predecessor-version":[{"id":13235,"href":"https:\/\/ozlembicer.com\/it\/wp-json\/wp\/v2\/pages\/12550\/revisions\/13235"}],"wp:featuredmedia":[{"embeddable":true,"href":"https:\/\/ozlembicer.com\/it\/wp-json\/wp\/v2\/media\/13085"}],"wp:attachment":[{"href":"https:\/\/ozlembicer.com\/it\/wp-json\/wp\/v2\/media?parent=12550"}],"curies":[{"name":"wp","href":"https:\/\/api.w.org\/{rel}","templated":true}]}}