{"id":12562,"date":"2020-12-12T09:10:04","date_gmt":"2020-12-12T09:10:04","guid":{"rendered":"https:\/\/ozlembicer.com\/it\/?page_id=12562"},"modified":"2022-05-17T15:18:07","modified_gmt":"2022-05-17T15:18:07","slug":"fue","status":"publish","type":"page","link":"https:\/\/ozlembicer.com\/it\/fue\/","title":{"rendered":"FUE"},"content":{"rendered":"<p>[vc_row][vc_column][vc_column_text]<\/p>\n<div id=\"wpfp_bb73a95abef9c21c807771788141e5a7\" data-item=\"{&quot;sources&quot;:[{&quot;src&quot;:&quot;http:\\\/\\\/youtube.com\\\/watch?v=mS6M4HPJaUY&quot;,&quot;type&quot;:&quot;video\\\/youtube&quot;}],&quot;splash&quot;:&quot;https:\\\/\\\/i.ytimg.com\\\/vi\\\/mS6M4HPJaUY\\\/maxresdefault.jpg#auto&quot;}\" class=\"flowplayer no-brand is-splash is-paused skin-slim no-svg fp-slim fp-edgy is-youtube\" data-fv-embed=\"https:\/\/ozlembicer.com\/it\/fue\/fvp\/\" style=\"position:relative; max-width: 640px; max-height: 360px; \" data-ratio=\"0.5625\" data-engine=\"fvyoutube\">\n\t<div class=\"fp-ratio\" style=\"padding-top: 56.25%\"><\/div>\n\t<img decoding=\"async\" class=\"fp-splash\" alt=\"video\" src=\"https:\/\/i.ytimg.com\/vi\/mS6M4HPJaUY\/maxresdefault.jpg#auto\" style=\"position:absolute;top:0;width:100%\" \/>\n\t<div class=\"fp-ui\"><noscript>Please enable JavaScript<\/noscript><div class=\"fp-play fp-visible\"><svg class=\"fp-play-sharp-fill\" xmlns=\"http:\/\/www.w3.org\/2000\/svg\" viewBox=\"0 0 100 100\"><defs><style>.fp-color-play{opacity:0.65;}.controlbutton{fill:#fff;}<\/style><\/defs><title>play-sharp-fill<\/title><path class=\"fp-color-play\" d=\"M49.9217-.078a50,50,0,1,0,50,50A50.0564,50.0564,0,0,0,49.9217-.078Z\"\/><polygon class=\"controlbutton\" points=\"73.601 50 37.968 70.573 37.968 29.427 73.601 50\" filter=\"url(#f1)\"\/><\/svg><\/div><div class=\"fp-preload\"><b><\/b><b><\/b><b><\/b><b><\/b><\/div><\/div>\n<div class='fvp-share-bar'><ul class=\"fvp-sharing\">\r\n    <li><a class=\"sharing-facebook\" href=\"https:\/\/www.facebook.com\/sharer\/sharer.php?u=https%3A%2F%2Fozlembicer.com%2Fit%2Ffue%2F\" target=\"_blank\"><\/a><\/li>\r\n    <li><a class=\"sharing-twitter\" href=\"https:\/\/twitter.com\/intent\/tweet?text=M.D.+Ozlem+BICER+&url=https%3A%2F%2Fozlembicer.com%2Fit%2Ffue%2F\" target=\"_blank\"><\/a><\/li>\r\n    <li><a class=\"sharing-email\" href=\"mailto:?body=Check%20out%20the%20amazing%20video%20here%3A%20https%3A%2F%2Fozlembicer.com%2Fit%2Ffue%2F\" target=\"_blank\"><\/a><\/li><\/ul><div><a class=\"sharing-link\" href=\"https:\/\/ozlembicer.com\/it\/fue\/\" target=\"_blank\">Link<\/a><\/div><div><label><a class=\"embed-code-toggle\" href=\"#\"><strong>Embed<\/strong><\/a><\/label><\/div><div class=\"embed-code\"><label>Copy and paste this HTML code into your webpage to embed.<\/label><textarea><\/textarea><\/div><\/div>\n<\/div>\n<!-- link converted by FV Player  --><\/p>\n<p>Il Dr. \u00d6zlem Bi\u00e7er \u00e8 un medico riconosciuto a livello internazionale, con oltre 22 anni di esperienza nel restauro dei capelli. Il giorno della tua procedura sarai l&#8217;unico paziente a subire l&#8217;operazione, ci\u00f2 significa che avrai un trattamento esclusivo e dedicato in ogni fase del tuo trapianto di capelli. Non esitare a contattarci per avere tutte le risposte alle tue domande.<\/p>\n<h3>FUE (estrazione di unit\u00e0 follicolari)<\/h3>\n<p><strong>La procedura:<\/strong> Rispetto alla FUT, la FUE \u00e8 un metodo leggermente pi\u00f9 recente ed \u00e8 stato implementato in Turchia dal 2004. Implica la rimozione dei follicoli piliferi uno ad uno dall&#8217;area donatrice, mediante l&#8217;uso di un piccolo punch circolare. Il punzone pu\u00f2 essere robotico (micromotore FUE) o azionato direttamente a mano (manuel FUE.) (Una piccola nota qui: lo strumento micromotore FUE deve ancora essere gestito manualmente, quindi non \u00e8 completamente motorizzato, ma ne parleremo pi\u00f9 avanti) Gli innesti quindi, vengono posizionati nell&#8217;area del trapianto.<\/p>\n<p><strong>Vantaggio: <\/strong>Poich\u00e9 non viene rimossa alcuna striscia del cuoio capelluto, il metodo \u00e8 meno invasivo in quanto non ci sono cicatrici e il tempo di guarigione \u00e8 pi\u00f9 rapido. \u00c8 possibile raccogliere fino a 4000-4400 innesti in una singola operazione. Il paziente pu\u00f2 scegliere di portare i capelli corti dopo l&#8217;operazione, se lo desidera.<\/p>\n<p><strong>Svantaggio<\/strong> Il paziente ha bisogno di radersi i capelli prima della procedura e quindi non pu\u00f2 davvero nascondere il fatto che stanno facendo un trapianto di capelli. La durata dell&#8217;operazione \u00e8 di 6-8 ore e i medici possono proporre di completare il trapianto in 2-3 giorni. Pertanto \u00e8 anche pi\u00f9 costoso.<\/p>\n<p>&nbsp;<\/p>\n\n<p>&nbsp;<\/p>\n<p>[\/vc_column_text][\/vc_column][\/vc_row]<\/p>\n","protected":false},"excerpt":{"rendered":"<p>[vc_row][vc_column][vc_column_text] Il Dr. \u00d6zlem Bi\u00e7er \u00e8 un medico riconosciuto a livello internazionale, con oltre 22 anni di esperienza nel restauro dei capelli. Il giorno della tua procedura sarai l&#8217;unico paziente a subire l&#8217;operazione, ci\u00f2 significa che avrai un trattamento esclusivo e dedicato in ogni fase del tuo trapianto di capelli. Non esitare a contattarci per [&hellip;]<\/p>\n","protected":false},"author":1,"featured_media":13085,"parent":0,"menu_order":0,"comment_status":"closed","ping_status":"open","template":"","meta":{"footnotes":""},"class_list":["post-12562","page","type-page","status-publish","has-post-thumbnail","hentry"],"acf":[],"yoast_head":"<!-- This site is optimized with the Yoast SEO plugin v24.5 - https:\/\/yoast.com\/wordpress\/plugins\/seo\/ -->\n<title>FUE | M.D. Ozlem BICER<\/title>\n<meta name=\"robots\" content=\"index, follow, max-snippet:-1, max-image-preview:large, max-video-preview:-1\" \/>\n<link rel=\"canonical\" href=\"https:\/\/ozlembicer.com\/it\/fue\/\" \/>\n<meta property=\"og:locale\" content=\"tr_TR\" \/>\n<meta property=\"og:type\" content=\"article\" \/>\n<meta property=\"og:title\" content=\"FUE | M.D. Ozlem BICER\" \/>\n<meta property=\"og:description\" content=\"[vc_row][vc_column][vc_column_text] Il Dr. \u00d6zlem Bi\u00e7er \u00e8 un medico riconosciuto a livello internazionale, con oltre 22 anni di esperienza nel restauro dei capelli. Il giorno della tua procedura sarai l&#8217;unico paziente a subire l&#8217;operazione, ci\u00f2 significa che avrai un trattamento esclusivo e dedicato in ogni fase del tuo trapianto di capelli. Non esitare a contattarci per [&hellip;]\" \/>\n<meta property=\"og:url\" content=\"https:\/\/ozlembicer.com\/it\/fue\/\" \/>\n<meta property=\"og:site_name\" content=\"M.D. Ozlem BICER\" \/>\n<meta property=\"article:modified_time\" content=\"2022-05-17T15:18:07+00:00\" \/>\n<meta property=\"og:image\" content=\"http:\/\/ozlembicer.com\/it\/wp-content\/uploads\/2022\/04\/ozlem-bicer-200x200-1.png\" \/>\n\t<meta property=\"og:image:width\" content=\"200\" \/>\n\t<meta property=\"og:image:height\" content=\"200\" \/>\n\t<meta property=\"og:image:type\" content=\"image\/png\" \/>\n<meta name=\"twitter:card\" content=\"summary_large_image\" \/>\n<meta name=\"twitter:label1\" content=\"Tahmini okuma s\u00fcresi\" \/>\n\t<meta name=\"twitter:data1\" content=\"1 dakika\" \/>\n<script type=\"application\/ld+json\" class=\"yoast-schema-graph\">{\"@context\":\"https:\/\/schema.org\",\"@graph\":[{\"@type\":\"WebPage\",\"@id\":\"https:\/\/ozlembicer.com\/it\/fue\/\",\"url\":\"https:\/\/ozlembicer.com\/it\/fue\/\",\"name\":\"FUE | M.D. Ozlem BICER\",\"isPartOf\":{\"@id\":\"https:\/\/ozlembicer.com\/it\/#website\"},\"primaryImageOfPage\":{\"@id\":\"https:\/\/ozlembicer.com\/it\/fue\/#primaryimage\"},\"image\":{\"@id\":\"https:\/\/ozlembicer.com\/it\/fue\/#primaryimage\"},\"thumbnailUrl\":\"https:\/\/ozlembicer.com\/it\/wp-content\/uploads\/2022\/04\/ozlem-bicer-200x200-1.png\",\"datePublished\":\"2020-12-12T09:10:04+00:00\",\"dateModified\":\"2022-05-17T15:18:07+00:00\",\"breadcrumb\":{\"@id\":\"https:\/\/ozlembicer.com\/it\/fue\/#breadcrumb\"},\"inLanguage\":\"tr\",\"potentialAction\":[{\"@type\":\"ReadAction\",\"target\":[\"https:\/\/ozlembicer.com\/it\/fue\/\"]}]},{\"@type\":\"ImageObject\",\"inLanguage\":\"tr\",\"@id\":\"https:\/\/ozlembicer.com\/it\/fue\/#primaryimage\",\"url\":\"https:\/\/ozlembicer.com\/it\/wp-content\/uploads\/2022\/04\/ozlem-bicer-200x200-1.png\",\"contentUrl\":\"https:\/\/ozlembicer.com\/it\/wp-content\/uploads\/2022\/04\/ozlem-bicer-200x200-1.png\",\"width\":200,\"height\":200},{\"@type\":\"BreadcrumbList\",\"@id\":\"https:\/\/ozlembicer.com\/it\/fue\/#breadcrumb\",\"itemListElement\":[{\"@type\":\"ListItem\",\"position\":1,\"name\":\"Anasayfa\",\"item\":\"http:\/\/ozlembicer.com\/it\/\"},{\"@type\":\"ListItem\",\"position\":2,\"name\":\"FUE\"}]},{\"@type\":\"WebSite\",\"@id\":\"https:\/\/ozlembicer.com\/it\/#website\",\"url\":\"https:\/\/ozlembicer.com\/it\/\",\"name\":\"M.D. Ozlem BICER\",\"description\":\"Aesthetics is where art and medicine meets.\",\"publisher\":{\"@id\":\"https:\/\/ozlembicer.com\/it\/#organization\"},\"potentialAction\":[{\"@type\":\"SearchAction\",\"target\":{\"@type\":\"EntryPoint\",\"urlTemplate\":\"https:\/\/ozlembicer.com\/it\/?s={search_term_string}\"},\"query-input\":{\"@type\":\"PropertyValueSpecification\",\"valueRequired\":true,\"valueName\":\"search_term_string\"}}],\"inLanguage\":\"tr\"},{\"@type\":\"Organization\",\"@id\":\"https:\/\/ozlembicer.com\/it\/#organization\",\"name\":\"Dr. \u00d6zlem Bi\u00e7er\",\"url\":\"https:\/\/ozlembicer.com\/it\/\",\"logo\":{\"@type\":\"ImageObject\",\"inLanguage\":\"tr\",\"@id\":\"https:\/\/ozlembicer.com\/it\/#\/schema\/logo\/image\/\",\"url\":\"http:\/\/ozlembicer.com\/it\/wp-content\/uploads\/2022\/02\/ozlembicer-logo.jpeg\",\"contentUrl\":\"http:\/\/ozlembicer.com\/it\/wp-content\/uploads\/2022\/02\/ozlembicer-logo.jpeg\",\"width\":1600,\"height\":1600,\"caption\":\"Dr. \u00d6zlem Bi\u00e7er\"},\"image\":{\"@id\":\"https:\/\/ozlembicer.com\/it\/#\/schema\/logo\/image\/\"}}]}<\/script>\n<!-- \/ Yoast SEO plugin. -->","yoast_head_json":{"title":"FUE | M.D. Ozlem BICER","robots":{"index":"index","follow":"follow","max-snippet":"max-snippet:-1","max-image-preview":"max-image-preview:large","max-video-preview":"max-video-preview:-1"},"canonical":"https:\/\/ozlembicer.com\/it\/fue\/","og_locale":"tr_TR","og_type":"article","og_title":"FUE | M.D. Ozlem BICER","og_description":"[vc_row][vc_column][vc_column_text] Il Dr. \u00d6zlem Bi\u00e7er \u00e8 un medico riconosciuto a livello internazionale, con oltre 22 anni di esperienza nel restauro dei capelli. Il giorno della tua procedura sarai l&#8217;unico paziente a subire l&#8217;operazione, ci\u00f2 significa che avrai un trattamento esclusivo e dedicato in ogni fase del tuo trapianto di capelli. Non esitare a contattarci per [&hellip;]","og_url":"https:\/\/ozlembicer.com\/it\/fue\/","og_site_name":"M.D. Ozlem BICER","article_modified_time":"2022-05-17T15:18:07+00:00","og_image":[{"width":200,"height":200,"url":"http:\/\/ozlembicer.com\/it\/wp-content\/uploads\/2022\/04\/ozlem-bicer-200x200-1.png","type":"image\/png"}],"twitter_card":"summary_large_image","twitter_misc":{"Tahmini okuma s\u00fcresi":"1 dakika"},"schema":{"@context":"https:\/\/schema.org","@graph":[{"@type":"WebPage","@id":"https:\/\/ozlembicer.com\/it\/fue\/","url":"https:\/\/ozlembicer.com\/it\/fue\/","name":"FUE | M.D. Ozlem BICER","isPartOf":{"@id":"https:\/\/ozlembicer.com\/it\/#website"},"primaryImageOfPage":{"@id":"https:\/\/ozlembicer.com\/it\/fue\/#primaryimage"},"image":{"@id":"https:\/\/ozlembicer.com\/it\/fue\/#primaryimage"},"thumbnailUrl":"https:\/\/ozlembicer.com\/it\/wp-content\/uploads\/2022\/04\/ozlem-bicer-200x200-1.png","datePublished":"2020-12-12T09:10:04+00:00","dateModified":"2022-05-17T15:18:07+00:00","breadcrumb":{"@id":"https:\/\/ozlembicer.com\/it\/fue\/#breadcrumb"},"inLanguage":"tr","potentialAction":[{"@type":"ReadAction","target":["https:\/\/ozlembicer.com\/it\/fue\/"]}]},{"@type":"ImageObject","inLanguage":"tr","@id":"https:\/\/ozlembicer.com\/it\/fue\/#primaryimage","url":"https:\/\/ozlembicer.com\/it\/wp-content\/uploads\/2022\/04\/ozlem-bicer-200x200-1.png","contentUrl":"https:\/\/ozlembicer.com\/it\/wp-content\/uploads\/2022\/04\/ozlem-bicer-200x200-1.png","width":200,"height":200},{"@type":"BreadcrumbList","@id":"https:\/\/ozlembicer.com\/it\/fue\/#breadcrumb","itemListElement":[{"@type":"ListItem","position":1,"name":"Anasayfa","item":"http:\/\/ozlembicer.com\/it\/"},{"@type":"ListItem","position":2,"name":"FUE"}]},{"@type":"WebSite","@id":"https:\/\/ozlembicer.com\/it\/#website","url":"https:\/\/ozlembicer.com\/it\/","name":"M.D. Ozlem BICER","description":"Aesthetics is where art and medicine meets.","publisher":{"@id":"https:\/\/ozlembicer.com\/it\/#organization"},"potentialAction":[{"@type":"SearchAction","target":{"@type":"EntryPoint","urlTemplate":"https:\/\/ozlembicer.com\/it\/?s={search_term_string}"},"query-input":{"@type":"PropertyValueSpecification","valueRequired":true,"valueName":"search_term_string"}}],"inLanguage":"tr"},{"@type":"Organization","@id":"https:\/\/ozlembicer.com\/it\/#organization","name":"Dr. \u00d6zlem Bi\u00e7er","url":"https:\/\/ozlembicer.com\/it\/","logo":{"@type":"ImageObject","inLanguage":"tr","@id":"https:\/\/ozlembicer.com\/it\/#\/schema\/logo\/image\/","url":"http:\/\/ozlembicer.com\/it\/wp-content\/uploads\/2022\/02\/ozlembicer-logo.jpeg","contentUrl":"http:\/\/ozlembicer.com\/it\/wp-content\/uploads\/2022\/02\/ozlembicer-logo.jpeg","width":1600,"height":1600,"caption":"Dr. \u00d6zlem Bi\u00e7er"},"image":{"@id":"https:\/\/ozlembicer.com\/it\/#\/schema\/logo\/image\/"}}]}},"_links":{"self":[{"href":"https:\/\/ozlembicer.com\/it\/wp-json\/wp\/v2\/pages\/12562","targetHints":{"allow":["GET"]}}],"collection":[{"href":"https:\/\/ozlembicer.com\/it\/wp-json\/wp\/v2\/pages"}],"about":[{"href":"https:\/\/ozlembicer.com\/it\/wp-json\/wp\/v2\/types\/page"}],"author":[{"embeddable":true,"href":"https:\/\/ozlembicer.com\/it\/wp-json\/wp\/v2\/users\/1"}],"replies":[{"embeddable":true,"href":"https:\/\/ozlembicer.com\/it\/wp-json\/wp\/v2\/comments?post=12562"}],"version-history":[{"count":5,"href":"https:\/\/ozlembicer.com\/it\/wp-json\/wp\/v2\/pages\/12562\/revisions"}],"predecessor-version":[{"id":13151,"href":"https:\/\/ozlembicer.com\/it\/wp-json\/wp\/v2\/pages\/12562\/revisions\/13151"}],"wp:featuredmedia":[{"embeddable":true,"href":"https:\/\/ozlembicer.com\/it\/wp-json\/wp\/v2\/media\/13085"}],"wp:attachment":[{"href":"https:\/\/ozlembicer.com\/it\/wp-json\/wp\/v2\/media?parent=12562"}],"curies":[{"name":"wp","href":"https:\/\/api.w.org\/{rel}","templated":true}]}}