{"id":12577,"date":"2020-12-12T09:41:44","date_gmt":"2020-12-12T09:41:44","guid":{"rendered":"https:\/\/ozlembicer.com\/it\/?page_id=12577"},"modified":"2022-05-17T20:48:16","modified_gmt":"2022-05-17T20:48:16","slug":"la-perdita-di-capelli","status":"publish","type":"page","link":"https:\/\/ozlembicer.com\/it\/la-perdita-di-capelli\/","title":{"rendered":"La perdita di capelli"},"content":{"rendered":"<p>[vc_row][vc_column][\/vc_column][vc_column][vc_column_text]<\/p>\n<div id=\"wpfp_01f70039600baab1419f5625d2d82683\" data-item=\"{&quot;sources&quot;:[{&quot;src&quot;:&quot;http:\\\/\\\/youtube.com\\\/watch?v=TYeT5kHmqJw&quot;,&quot;type&quot;:&quot;video\\\/youtube&quot;}],&quot;splash&quot;:&quot;https:\\\/\\\/i.ytimg.com\\\/vi\\\/TYeT5kHmqJw\\\/maxresdefault.jpg#auto&quot;}\" class=\"flowplayer no-brand is-splash is-paused skin-slim no-svg fp-slim fp-edgy is-youtube\" data-fv-embed=\"https:\/\/ozlembicer.com\/it\/la-perdita-di-capelli\/fvp\/\" style=\"position:relative; max-width: 640px; max-height: 360px; \" data-ratio=\"0.5625\" data-engine=\"fvyoutube\">\n\t<div class=\"fp-ratio\" style=\"padding-top: 56.25%\"><\/div>\n\t<img decoding=\"async\" class=\"fp-splash\" alt=\"video\" src=\"https:\/\/i.ytimg.com\/vi\/TYeT5kHmqJw\/maxresdefault.jpg#auto\" style=\"position:absolute;top:0;width:100%\" \/>\n\t<div class=\"fp-ui\"><noscript>Please enable JavaScript<\/noscript><div class=\"fp-play fp-visible\"><svg class=\"fp-play-sharp-fill\" xmlns=\"http:\/\/www.w3.org\/2000\/svg\" viewBox=\"0 0 100 100\"><defs><style>.fp-color-play{opacity:0.65;}.controlbutton{fill:#fff;}<\/style><\/defs><title>play-sharp-fill<\/title><path class=\"fp-color-play\" d=\"M49.9217-.078a50,50,0,1,0,50,50A50.0564,50.0564,0,0,0,49.9217-.078Z\"\/><polygon class=\"controlbutton\" points=\"73.601 50 37.968 70.573 37.968 29.427 73.601 50\" filter=\"url(#f1)\"\/><\/svg><\/div><div class=\"fp-preload\"><b><\/b><b><\/b><b><\/b><b><\/b><\/div><\/div>\n<div class='fvp-share-bar'><ul class=\"fvp-sharing\">\r\n    <li><a class=\"sharing-facebook\" href=\"https:\/\/www.facebook.com\/sharer\/sharer.php?u=https%3A%2F%2Fozlembicer.com%2Fit%2Fla-perdita-di-capelli%2F\" target=\"_blank\"><\/a><\/li>\r\n    <li><a class=\"sharing-twitter\" href=\"https:\/\/twitter.com\/intent\/tweet?text=M.D.+Ozlem+BICER+&url=https%3A%2F%2Fozlembicer.com%2Fit%2Fla-perdita-di-capelli%2F\" target=\"_blank\"><\/a><\/li>\r\n    <li><a class=\"sharing-email\" href=\"mailto:?body=Check%20out%20the%20amazing%20video%20here%3A%20https%3A%2F%2Fozlembicer.com%2Fit%2Fla-perdita-di-capelli%2F\" target=\"_blank\"><\/a><\/li><\/ul><div><a class=\"sharing-link\" href=\"https:\/\/ozlembicer.com\/it\/la-perdita-di-capelli\/\" target=\"_blank\">Link<\/a><\/div><div><label><a class=\"embed-code-toggle\" href=\"#\"><strong>Embed<\/strong><\/a><\/label><\/div><div class=\"embed-code\"><label>Copy and paste this HTML code into your webpage to embed.<\/label><textarea><\/textarea><\/div><\/div>\n<\/div>\n<!-- link converted by FV Player  --><\/p>\n<p>Quali sono le cause della caduta dei capelli?<br \/>\nLa caduta dei capelli pu\u00f2 avere molte ragioni, dall&#8217;ambiente allo stress, dalla dieta, dalle malattie alla comune calvizie maschile. Un certo grado di caduta dei capelli si verifica naturalmente durante il ciclo di vita dei capelli. Non c&#8217;\u00e8 bisogno di far scattare un allarme se vedi qualche ciocca di capelli sulla spazzola su un cuscino o nel lavandino. Le persone perdono fino a 100 capelli al giorno, che di solito vengono sostituiti da nuovi capelli che ricrescono. Se noti che perdi pi\u00f9 di 150 capelli al giorno, dovresti iniziare a preoccuparti e fissare un appuntamento con il Dr. Arrange \u00d6zlem Bi\u00e7er.<\/p>\n<p>1. Alopecia androgenetica<br \/>\nAlopecia \u00e8 un termine che significa caduta dei capelli. L&#8217;alopecia androgenetica \u00e8 la caduta dei capelli causata dall&#8217;attivit\u00e0 ormonale e causa la calvizie della maggior parte degli uomini. Alcune ricerche mostrano che il 25% degli uomini inizia a soffrire di alopecia all&#8217;et\u00e0 di 30 anni e il 66% degli uomini ha la caduta dei capelli all&#8217;et\u00e0 di 60 anni. Questo tipo di caduta dei capelli \u00e8 geneticamente innescato e pu\u00f2 (spesso) verificarsi poco dopo la pubert\u00e0.<\/p>\n<p>2. Altre cause<br \/>\nLa caduta dei capelli pu\u00f2 anche essere causata da stress emotivo, traumi fisici, cattiva alimentazione, gravidanza, farmaci e fattori ambientali, tra le altre cose. I farmaci che influenzano i livelli ormonali, la pressione sanguigna, le malattie cardiache e tutti i farmaci per il diabete possono causare la caduta dei capelli. I farmaci utilizzati per la chemioterapia sono solitamente associati a una caduta dei capelli improvvisa (e temporanea).<\/p>\n<p>Caduta di capelli improvvisa<\/p>\n<p>Se si verifica un&#8217;improvvisa caduta dei capelli o se i capelli cadono in grandi quantit\u00e0, \u00e8 necessario rivolgersi a un medico professionista. La caduta dei capelli pu\u00f2 indicare seri problemi di salute.<\/p>\n<p>La caduta dei capelli nelle donne<\/p>\n<p>Sebbene sia meno comune degli uomini, anche le donne possono sperimentare la caduta dei capelli.<\/p>\n<p>Qual \u00e8 il motivo della caduta dei capelli nelle donne?<\/p>\n<p>La caduta dei capelli nelle donne pu\u00f2 avere varie cause, dai fattori genetici alla gravidanza. &#8230; Ci sono una variet\u00e0 di cause di caduta dei capelli nelle donne, dalla genetica alla gravidanza alla trazione. &#8230;<\/p>\n<p>Come faccio a sapere se ho la caduta dei capelli?<\/p>\n<p>Sebbene questa domanda sembri semplice, non esiste una risposta semplice. Molti metodi sono stati sviluppati e provati, ma anche il conteggio dei singoli peli non \u00e8 affidabile poich\u00e9 anche i peli sani cadono e ricrescono mesi dopo. Se vedi i capelli sul cuscino o nel lavandino, non significa che hai una caduta permanente dei capelli.<\/p>\n<p>La verit\u00e0 \u00e8 che non esiste un modo semplice e affidabile per monitorare la caduta dei capelli. L&#8217;unica cosa che puoi fare \u00e8 essere consapevole della tensione dei tuoi capelli e di quanto sia facile o difficile vedere il cuoio capelluto attraverso i capelli, dove si trova l&#8217;attaccatura dei capelli e come tutto \u00e8 cambiato nel tempo. Essere paranoici e ossessionati dalla caduta dei capelli \u00e8 facile e lo stress non \u00e8 certamente d&#8217;aiuto.<\/p>\n<p>Se i tuoi capelli stanno cadendo a causa di una certa malattia, stress o altre malattie, allora puoi aspettarti un&#8217;improvvisa perdita di capelli, molti capelli che cadono o punti calvi sulla testa, quindi dovresti consultare il tuo medico. La caduta improvvisa dei capelli pu\u00f2 consistere in diversi problemi seri e dovresti consultare regolarmente il medico.<\/p>\n<p>Per poter osservare meglio i tuoi capelli, la nostra migliore raccomandazione sarebbe quella di scattare la tua foto standard ogni 6-8 mesi e confrontarli. Ogni volta che scatti di nuovo foto di te stesso, regola la fotocamera in modo da avere la stessa posizione, luce e illuminazione.<\/p>\n<p>[\/vc_column_text][\/vc_column][\/vc_row]<\/p>\n","protected":false},"excerpt":{"rendered":"<p>[vc_row][vc_column][\/vc_column][vc_column][vc_column_text] Quali sono le cause della caduta dei capelli? La caduta dei capelli pu\u00f2 avere molte ragioni, dall&#8217;ambiente allo stress, dalla dieta, dalle malattie alla comune calvizie maschile. Un certo grado di caduta dei capelli si verifica naturalmente durante il ciclo di vita dei capelli. Non c&#8217;\u00e8 bisogno di far scattare un allarme se vedi [&hellip;]<\/p>\n","protected":false},"author":1,"featured_media":12582,"parent":0,"menu_order":0,"comment_status":"closed","ping_status":"closed","template":"","meta":{"footnotes":""},"class_list":["post-12577","page","type-page","status-publish","has-post-thumbnail","hentry"],"acf":[],"yoast_head":"<!-- This site is optimized with the Yoast SEO plugin v24.5 - https:\/\/yoast.com\/wordpress\/plugins\/seo\/ -->\n<title>La perdita di capelli | M.D. Ozlem BICER<\/title>\n<meta name=\"robots\" content=\"index, follow, max-snippet:-1, max-image-preview:large, max-video-preview:-1\" \/>\n<link rel=\"canonical\" href=\"https:\/\/ozlembicer.com\/it\/la-perdita-di-capelli\/\" \/>\n<meta property=\"og:locale\" content=\"tr_TR\" \/>\n<meta property=\"og:type\" content=\"article\" \/>\n<meta property=\"og:title\" content=\"La perdita di capelli | M.D. Ozlem BICER\" \/>\n<meta property=\"og:description\" content=\"[vc_row][vc_column][\/vc_column][vc_column][vc_column_text] Quali sono le cause della caduta dei capelli? La caduta dei capelli pu\u00f2 avere molte ragioni, dall&#8217;ambiente allo stress, dalla dieta, dalle malattie alla comune calvizie maschile. Un certo grado di caduta dei capelli si verifica naturalmente durante il ciclo di vita dei capelli. Non c&#8217;\u00e8 bisogno di far scattare un allarme se vedi [&hellip;]\" \/>\n<meta property=\"og:url\" content=\"https:\/\/ozlembicer.com\/it\/la-perdita-di-capelli\/\" \/>\n<meta property=\"og:site_name\" content=\"M.D. Ozlem BICER\" \/>\n<meta property=\"article:modified_time\" content=\"2022-05-17T20:48:16+00:00\" \/>\n<meta property=\"og:image\" content=\"http:\/\/ozlembicer.com\/it\/wp-content\/uploads\/2020\/12\/345324.jpg\" \/>\n\t<meta property=\"og:image:width\" content=\"1356\" \/>\n\t<meta property=\"og:image:height\" content=\"788\" \/>\n\t<meta property=\"og:image:type\" content=\"image\/jpeg\" \/>\n<meta name=\"twitter:card\" content=\"summary_large_image\" \/>\n<meta name=\"twitter:label1\" content=\"Tahmini okuma s\u00fcresi\" \/>\n\t<meta name=\"twitter:data1\" content=\"3 dakika\" \/>\n<script type=\"application\/ld+json\" class=\"yoast-schema-graph\">{\"@context\":\"https:\/\/schema.org\",\"@graph\":[{\"@type\":\"WebPage\",\"@id\":\"https:\/\/ozlembicer.com\/it\/la-perdita-di-capelli\/\",\"url\":\"https:\/\/ozlembicer.com\/it\/la-perdita-di-capelli\/\",\"name\":\"La perdita di capelli | M.D. Ozlem BICER\",\"isPartOf\":{\"@id\":\"https:\/\/ozlembicer.com\/it\/#website\"},\"primaryImageOfPage\":{\"@id\":\"https:\/\/ozlembicer.com\/it\/la-perdita-di-capelli\/#primaryimage\"},\"image\":{\"@id\":\"https:\/\/ozlembicer.com\/it\/la-perdita-di-capelli\/#primaryimage\"},\"thumbnailUrl\":\"https:\/\/ozlembicer.com\/it\/wp-content\/uploads\/2020\/12\/345324.jpg\",\"datePublished\":\"2020-12-12T09:41:44+00:00\",\"dateModified\":\"2022-05-17T20:48:16+00:00\",\"breadcrumb\":{\"@id\":\"https:\/\/ozlembicer.com\/it\/la-perdita-di-capelli\/#breadcrumb\"},\"inLanguage\":\"tr\",\"potentialAction\":[{\"@type\":\"ReadAction\",\"target\":[\"https:\/\/ozlembicer.com\/it\/la-perdita-di-capelli\/\"]}]},{\"@type\":\"ImageObject\",\"inLanguage\":\"tr\",\"@id\":\"https:\/\/ozlembicer.com\/it\/la-perdita-di-capelli\/#primaryimage\",\"url\":\"https:\/\/ozlembicer.com\/it\/wp-content\/uploads\/2020\/12\/345324.jpg\",\"contentUrl\":\"https:\/\/ozlembicer.com\/it\/wp-content\/uploads\/2020\/12\/345324.jpg\",\"width\":1356,\"height\":788},{\"@type\":\"BreadcrumbList\",\"@id\":\"https:\/\/ozlembicer.com\/it\/la-perdita-di-capelli\/#breadcrumb\",\"itemListElement\":[{\"@type\":\"ListItem\",\"position\":1,\"name\":\"Anasayfa\",\"item\":\"http:\/\/ozlembicer.com\/it\/\"},{\"@type\":\"ListItem\",\"position\":2,\"name\":\"La perdita di capelli\"}]},{\"@type\":\"WebSite\",\"@id\":\"https:\/\/ozlembicer.com\/it\/#website\",\"url\":\"https:\/\/ozlembicer.com\/it\/\",\"name\":\"M.D. Ozlem BICER\",\"description\":\"Aesthetics is where art and medicine meets.\",\"publisher\":{\"@id\":\"https:\/\/ozlembicer.com\/it\/#organization\"},\"potentialAction\":[{\"@type\":\"SearchAction\",\"target\":{\"@type\":\"EntryPoint\",\"urlTemplate\":\"https:\/\/ozlembicer.com\/it\/?s={search_term_string}\"},\"query-input\":{\"@type\":\"PropertyValueSpecification\",\"valueRequired\":true,\"valueName\":\"search_term_string\"}}],\"inLanguage\":\"tr\"},{\"@type\":\"Organization\",\"@id\":\"https:\/\/ozlembicer.com\/it\/#organization\",\"name\":\"Dr. \u00d6zlem Bi\u00e7er\",\"url\":\"https:\/\/ozlembicer.com\/it\/\",\"logo\":{\"@type\":\"ImageObject\",\"inLanguage\":\"tr\",\"@id\":\"https:\/\/ozlembicer.com\/it\/#\/schema\/logo\/image\/\",\"url\":\"http:\/\/ozlembicer.com\/it\/wp-content\/uploads\/2022\/02\/ozlembicer-logo.jpeg\",\"contentUrl\":\"http:\/\/ozlembicer.com\/it\/wp-content\/uploads\/2022\/02\/ozlembicer-logo.jpeg\",\"width\":1600,\"height\":1600,\"caption\":\"Dr. \u00d6zlem Bi\u00e7er\"},\"image\":{\"@id\":\"https:\/\/ozlembicer.com\/it\/#\/schema\/logo\/image\/\"}}]}<\/script>\n<!-- \/ Yoast SEO plugin. -->","yoast_head_json":{"title":"La perdita di capelli | M.D. Ozlem BICER","robots":{"index":"index","follow":"follow","max-snippet":"max-snippet:-1","max-image-preview":"max-image-preview:large","max-video-preview":"max-video-preview:-1"},"canonical":"https:\/\/ozlembicer.com\/it\/la-perdita-di-capelli\/","og_locale":"tr_TR","og_type":"article","og_title":"La perdita di capelli | M.D. Ozlem BICER","og_description":"[vc_row][vc_column][\/vc_column][vc_column][vc_column_text] Quali sono le cause della caduta dei capelli? La caduta dei capelli pu\u00f2 avere molte ragioni, dall&#8217;ambiente allo stress, dalla dieta, dalle malattie alla comune calvizie maschile. Un certo grado di caduta dei capelli si verifica naturalmente durante il ciclo di vita dei capelli. Non c&#8217;\u00e8 bisogno di far scattare un allarme se vedi [&hellip;]","og_url":"https:\/\/ozlembicer.com\/it\/la-perdita-di-capelli\/","og_site_name":"M.D. Ozlem BICER","article_modified_time":"2022-05-17T20:48:16+00:00","og_image":[{"width":1356,"height":788,"url":"http:\/\/ozlembicer.com\/it\/wp-content\/uploads\/2020\/12\/345324.jpg","type":"image\/jpeg"}],"twitter_card":"summary_large_image","twitter_misc":{"Tahmini okuma s\u00fcresi":"3 dakika"},"schema":{"@context":"https:\/\/schema.org","@graph":[{"@type":"WebPage","@id":"https:\/\/ozlembicer.com\/it\/la-perdita-di-capelli\/","url":"https:\/\/ozlembicer.com\/it\/la-perdita-di-capelli\/","name":"La perdita di capelli | M.D. Ozlem BICER","isPartOf":{"@id":"https:\/\/ozlembicer.com\/it\/#website"},"primaryImageOfPage":{"@id":"https:\/\/ozlembicer.com\/it\/la-perdita-di-capelli\/#primaryimage"},"image":{"@id":"https:\/\/ozlembicer.com\/it\/la-perdita-di-capelli\/#primaryimage"},"thumbnailUrl":"https:\/\/ozlembicer.com\/it\/wp-content\/uploads\/2020\/12\/345324.jpg","datePublished":"2020-12-12T09:41:44+00:00","dateModified":"2022-05-17T20:48:16+00:00","breadcrumb":{"@id":"https:\/\/ozlembicer.com\/it\/la-perdita-di-capelli\/#breadcrumb"},"inLanguage":"tr","potentialAction":[{"@type":"ReadAction","target":["https:\/\/ozlembicer.com\/it\/la-perdita-di-capelli\/"]}]},{"@type":"ImageObject","inLanguage":"tr","@id":"https:\/\/ozlembicer.com\/it\/la-perdita-di-capelli\/#primaryimage","url":"https:\/\/ozlembicer.com\/it\/wp-content\/uploads\/2020\/12\/345324.jpg","contentUrl":"https:\/\/ozlembicer.com\/it\/wp-content\/uploads\/2020\/12\/345324.jpg","width":1356,"height":788},{"@type":"BreadcrumbList","@id":"https:\/\/ozlembicer.com\/it\/la-perdita-di-capelli\/#breadcrumb","itemListElement":[{"@type":"ListItem","position":1,"name":"Anasayfa","item":"http:\/\/ozlembicer.com\/it\/"},{"@type":"ListItem","position":2,"name":"La perdita di capelli"}]},{"@type":"WebSite","@id":"https:\/\/ozlembicer.com\/it\/#website","url":"https:\/\/ozlembicer.com\/it\/","name":"M.D. Ozlem BICER","description":"Aesthetics is where art and medicine meets.","publisher":{"@id":"https:\/\/ozlembicer.com\/it\/#organization"},"potentialAction":[{"@type":"SearchAction","target":{"@type":"EntryPoint","urlTemplate":"https:\/\/ozlembicer.com\/it\/?s={search_term_string}"},"query-input":{"@type":"PropertyValueSpecification","valueRequired":true,"valueName":"search_term_string"}}],"inLanguage":"tr"},{"@type":"Organization","@id":"https:\/\/ozlembicer.com\/it\/#organization","name":"Dr. \u00d6zlem Bi\u00e7er","url":"https:\/\/ozlembicer.com\/it\/","logo":{"@type":"ImageObject","inLanguage":"tr","@id":"https:\/\/ozlembicer.com\/it\/#\/schema\/logo\/image\/","url":"http:\/\/ozlembicer.com\/it\/wp-content\/uploads\/2022\/02\/ozlembicer-logo.jpeg","contentUrl":"http:\/\/ozlembicer.com\/it\/wp-content\/uploads\/2022\/02\/ozlembicer-logo.jpeg","width":1600,"height":1600,"caption":"Dr. \u00d6zlem Bi\u00e7er"},"image":{"@id":"https:\/\/ozlembicer.com\/it\/#\/schema\/logo\/image\/"}}]}},"_links":{"self":[{"href":"https:\/\/ozlembicer.com\/it\/wp-json\/wp\/v2\/pages\/12577","targetHints":{"allow":["GET"]}}],"collection":[{"href":"https:\/\/ozlembicer.com\/it\/wp-json\/wp\/v2\/pages"}],"about":[{"href":"https:\/\/ozlembicer.com\/it\/wp-json\/wp\/v2\/types\/page"}],"author":[{"embeddable":true,"href":"https:\/\/ozlembicer.com\/it\/wp-json\/wp\/v2\/users\/1"}],"replies":[{"embeddable":true,"href":"https:\/\/ozlembicer.com\/it\/wp-json\/wp\/v2\/comments?post=12577"}],"version-history":[{"count":12,"href":"https:\/\/ozlembicer.com\/it\/wp-json\/wp\/v2\/pages\/12577\/revisions"}],"predecessor-version":[{"id":13157,"href":"https:\/\/ozlembicer.com\/it\/wp-json\/wp\/v2\/pages\/12577\/revisions\/13157"}],"wp:featuredmedia":[{"embeddable":true,"href":"https:\/\/ozlembicer.com\/it\/wp-json\/wp\/v2\/media\/12582"}],"wp:attachment":[{"href":"https:\/\/ozlembicer.com\/it\/wp-json\/wp\/v2\/media?parent=12577"}],"curies":[{"name":"wp","href":"https:\/\/api.w.org\/{rel}","templated":true}]}}