{"id":12588,"date":"2020-12-12T09:53:42","date_gmt":"2020-12-12T09:53:42","guid":{"rendered":"https:\/\/ozlembicer.com\/it\/?page_id=12588"},"modified":"2022-05-17T21:46:28","modified_gmt":"2022-05-17T21:46:28","slug":"la-caduta-dei-capelli-nelle-donne","status":"publish","type":"page","link":"https:\/\/ozlembicer.com\/it\/la-caduta-dei-capelli-nelle-donne\/","title":{"rendered":"La caduta dei capelli nelle donne"},"content":{"rendered":"<p>[vc_row][vc_column]<div  class=\"thsn-single-image-w thsn-single-hover-yes  thsn-small-text-pos-bottom\"><img loading=\"lazy\" decoding=\"async\" width=\"1356\" height=\"788\" src=\"https:\/\/ozlembicer.com\/it\/wp-content\/uploads\/2020\/12\/423523.jpg\" class=\"thsn_vc_single_image-img attachment-full\" alt=\"\" srcset=\"https:\/\/ozlembicer.com\/it\/wp-content\/uploads\/2020\/12\/423523.jpg 1356w, https:\/\/ozlembicer.com\/it\/wp-content\/uploads\/2020\/12\/423523-300x174.jpg 300w, https:\/\/ozlembicer.com\/it\/wp-content\/uploads\/2020\/12\/423523-1024x595.jpg 1024w, https:\/\/ozlembicer.com\/it\/wp-content\/uploads\/2020\/12\/423523-768x446.jpg 768w, https:\/\/ozlembicer.com\/it\/wp-content\/uploads\/2020\/12\/423523-770x447.jpg 770w\" sizes=\"auto, (max-width: 1356px) 100vw, 1356px\" data-id=\"12589\" \/><\/div>[\/vc_column][vc_column][vc_column_text]Circa un terzo delle donne sperimenter\u00e0 la caduta dei capelli (alopecia) ad un certo punto della loro vita; Dopo la menopausa, due terzi delle donne sperimentano diradamento dei capelli o macchie calve sulla testa. A differenza degli uomini, la caduta dei capelli \u00e8 molto efficace nelle donne perch\u00e9 \u00e8 meno socialmente accettabile per le donne. L&#8217;alopecia pu\u00f2 compromettere seriamente la salute emotiva e la qualit\u00e0 della vita di una donna.<\/p>\n<p>Nella clinica del dottor \u00d6zlem Bi\u00e7er, capiamo quanto la fiducia in se stesse di una donna sia causata dalla caduta dei capelli. Ma prima di iniziare il viaggio per ritrovare la fiducia in se stessi, \u00e8 importante determinare quale tipo di caduta dei capelli stai affrontando. Dopo aver determinato la natura della tua esposizione, il medico inizier\u00e0 a considerare il trattamento e, in alcuni casi, a sottoporsi a un trapianto di capelli. Al fine di proteggere la salute emotiva del paziente, il trapianto di capelli eseguito dal dottor \u00d6zlem Bi\u00e7er viene eseguito senza una rasatura completa della testa. \u00c8 quindi incomprensibile che tu abbia avuto un trapianto di capelli.<\/p>\n<p>Ci sono generalmente tre tipi di caduta dei capelli nelle donne. Questi sono raggruppati nelle seguenti tre categorie: alopecia androgenetica, telogen effluvium e perdita di capelli anormale. L&#8217;alopecia androgenetica \u00e8 la principale causa di caduta dei capelli nelle donne e in questo caso, la caduta dei capelli nelle donne \u00e8 meno prevedibile rispetto agli uomini. Il telogen effluvium pu\u00f2 essere innescato dal consumo di droghe, dalla dieta e dallo stress. Poi ci sono gli altri rari tipi di caduta dei capelli che rientrano nella categoria di caduta dei capelli non normale.<\/p>\n<p>Le cause della caduta dei capelli nelle donne<br \/>\n1. ALOPECIA ANDROGENICA<\/p>\n<p>La caduta dei capelli di base in entrambi i sessi \u00e8 l&#8217;alopecia androgenetica. Negli uomini, la caduta dei capelli inizia generalmente alle tempie e l&#8217;attaccatura decrescente crea una caratteristica forma a &#8220;M&#8221;; i capelli sulla sommit\u00e0 della testa stanno diventando sempre pi\u00f9 sottili e portano principalmente alla calvizie. Nelle donne, l&#8217;alopecia androgenetica inizia con un assottigliamento della mezza linea, seguito da una perdita di capelli sparsa che si diffonde sulla testa. L&#8217;attaccatura dei capelli di una donna raramente diminuisce e le donne raramente diventano calve.<\/p>\n<p>Inoltre, come suggerisce il nome, l&#8217;alopecia androgenetica comporta il movimento di ormoni chiamati androgeni che sono necessari per il normale sviluppo sessuale maschile e hanno altre importanti funzioni, inclusa la regolazione della crescita dei capelli in entrambi i sessi. La situazione pu\u00f2 essere ereditaria e contenere pi\u00f9 geni. Ma a differenza dell&#8217;alopecia androgenetica negli uomini, \u00e8 pi\u00f9 difficile determinare il ruolo esatto degli androgeni nelle donne.<\/p>\n<p>2. GRAVIDANZA<\/p>\n<p>La gravidanza \u00e8 una delle situazioni pi\u00f9 stressanti che una donna pu\u00f2 infliggere al tuo corpo. Durante questo periodo, i livelli ormonali sono completamente diversi dai tempi normali e causano molti cambiamenti nel corpo e i tuoi capelli non ottengono l&#8217;immunit\u00e0 da questo effetto.<\/p>\n<p>Durante la gravidanza, c&#8217;\u00e8 un aumento del livello dell&#8217;ormone estrogeno. Gli estrogeni fanno s\u00ec che i capelli rimangano nella fase di crescita del ciclo di crescita dei capelli, oltre a stimolare i capelli a crescere se non lo sono gi\u00e0. Durante la gravidanza, dovresti aspettarti di avere una chioma folta e deliziosa.<\/p>\n<p>Durante la gravidanza, il livello degli ormoni estrogeni aumenta. Quando sei incinta, gli estrogeni agiscono mantenendo i capelli nella fase di estensione del ciclo di crescita dei capelli e promuovendo la crescita dei capelli quando non \u00e8 gi\u00e0 a quel livello. Ti aspetti che i tuoi capelli appaiano voluminosi e attraenti anche durante la gravidanza.<\/p>\n<p>Ma le cose cambiano dopo la nascita. Quando i tuoi ormoni torneranno alla normalit\u00e0, il tuo corpo sar\u00e0 sotto shock e sperimenterai una grave perdita di capelli.<\/p>\n<p>Ci\u00f2 significa quindi che tutti gli estrogeni che hanno impedito la caduta dei capelli scompaiono e in tal caso inizia la caduta dei capelli. Questo pu\u00f2 essere un peccato perch\u00e9 il 60% dei capelli pu\u00f2 andare in letargo allo stesso tempo e troppi capelli possono cadere improvvisamente, ma i capelli ricresceranno. La caduta dei capelli causata dalla gravidanza \u00e8 una forma speciale di telogen effluvium.<\/p>\n<p>3. SINDROME DELL&#8217;OVAR POLICISTICO<\/p>\n<p>La sindrome dell&#8217;ovaio policistico &#8211; o PKOS &#8211; particolarmente efficace sull&#8217;equilibrio ormonale &#8211; provoca squilibri ormonali in quanto \u00e8 un disturbo ormonale. Le donne con PKOS hanno alti livelli di androgeni, testosterone e diidrotestosterone (DHT). La caduta dei capelli causata dal DHT \u00e8 comune nelle donne con PKOS.<\/p>\n<p>Quando alti livelli di androgeni &#8211; in particolare DHT &#8211; sono sui follicoli piliferi, iniziano a colpire i capelli, causando la caduta dei capelli. Il DHT pu\u00f2 ostruire il follicolo pilifero e prevenire la formazione di nuovi capelli. Questa \u00e8 essenzialmente un&#8217;altra forma di alopecia androgenetica.<\/p>\n<p>4. MENOPAUSA<\/p>\n<p>La menopausa ha una miriade di effetti sul corpo e sui capelli, con conseguente diminuzione dei livelli di estrogeni. Oltre alle vampate di calore, aspettati sbalzi d&#8217;umore e improvvisi aumenti dei peli sul viso &#8211; retrazione dell&#8217;attaccatura dei capelli e aumento della caduta dei capelli.<\/p>\n<p>Ci\u00f2 \u00e8 dovuto alla diminuzione dei livelli di estrogeni. Poich\u00e9 gli estrogeni mantengono i capelli nella sua fase di crescita, livelli bassi fanno s\u00ec che i capelli riducano il loro ciclo di crescita e i ciuffi di capelli cadano prima che raggiungano la lunghezza raggiungibile.<\/p>\n<p>5. ANEMIA<\/p>\n<p>L&#8217;anemia \u00e8 una malattia del sangue causata da carenza di ferro. Il ferro \u00e8 un nutriente incredibilmente importante per i tuoi capelli.<\/p>\n<p>L&#8217;anemia \u00e8 in genere causata dalla mancanza di cibi ricchi di ferro nella dieta o quando le cellule non assorbono correttamente il ferro.<\/p>\n<p>Se hai notato che hai i capelli diradati, potrebbe valere la pena parlare prima con il tuo medico per vedere se sei anemico in qualche misura. I livelli di ferro possono essere corretti attraverso una qualche forma di integratore di ferro e cambiamenti nella dieta.<\/p>\n<p>Il ferro \u00e8 importante per i capelli perch\u00e9 contiene ferritina, un ferro immagazzinato che aiuta a produrre le proteine \u200b\u200bdelle cellule ciliate. I giusti livelli di ferritina massimizzeranno anche la fase analgenica (crescita) dei tuoi capelli e incoraggeranno la crescita dei capelli alla lunghezza corretta.<\/p>\n<p>6. Altre cause di caduta dei capelli<\/p>\n<p>Per saperne di pi\u00f9 sul tipo di caduta dei capelli che potresti riscontrare e sulle soluzioni a tua disposizione, prenota una consulenza per una valutazione dettagliata.<\/p>\n<p>UN TRAPIANTO DI CAPELLI PER UNA DONNA AL DR. CLINICA \u00d6ZLEM B\u0130\u00c7ER<br \/>\nLa decisione di sottoporsi a un trapianto di capelli \u00e8 una decisione importante con molti aspetti diversi da considerare. Dalla scelta della clinica trapianti giusta al decidere quando \u00e8 il momento migliore per sottoporsi a un trapianto. Una variet\u00e0 di cose diverse entrano in gioco quando si decide quando \u00e8 il momento giusto per avere un trapianto e oggi cercheremo di renderlo un po&#8217; pi\u00f9 facile per te.<\/p>\n<p>Alla Clinica Dr \u00d6zlem Bi\u00e7er siamo esperti nelle procedure di trapianto di capelli FUE e FUT.<\/p>\n<p>La pi\u00f9 grande differenza tra i trattamenti per uomini e donne \u00e8 che, soprattutto con le tecniche FUE e FUT per le donne, non radiamo completamente la testa del paziente, ma solo una striscia lunga 2-4 cm tra le orecchie. Quest&#8217;area non \u00e8 visibile in quanto \u00e8 coperta dai capelli esistenti.<\/p>\n<p>Ogni trattamento e paziente \u00e8 diverso, ma quando il momento migliore per sottoporsi a un trapianto \u00e8 simile per la maggior parte. Dall&#8217;et\u00e0 migliore per un trapianto al periodo migliore dell&#8217;anno per un trapianto, abbiamo tutte le informazioni di cui hai bisogno.<\/p>\n<p>Se desideri maggiori informazioni sulla caduta dei capelli, contattaci e prenota una consulenza gratuita e senza impegno.<\/p>\n<p>Cos&#8217;\u00e8 la scala Ludwig?<br \/>\nModello di calvizie femminile<\/p>\n<p>&nbsp;<\/p>\n<p>I medici usano la classificazione Ludwig per descrivere la caduta dei capelli nelle donne. Il tipo I \u00e8 una diluizione minima che pu\u00f2 essere mimetizzata usando tecniche di acconciatura. Il tipo II \u00e8 caratterizzato da un volume pi\u00f9 piccolo e da una significativa diffusione della parte mediana. Il tipo III descrive un diradamento diffuso con un aspetto trasparente sulla parte superiore del cuoio capelluto.<\/p>\n<p>Suggerimenti per aiutare le donne a individuare i primi segni<\/p>\n<p>I capelli cadono pi\u00f9 del solito per pi\u00f9 di due mesi, magari durante il lavaggio, la spazzolatura o sui cuscini e sui vestiti. \u00c8 normale perdere fino a 100 capelli al giorno, quindi se trascorri pi\u00f9 giorni tra un lavaggio e l&#8217;altro del normale, la quantit\u00e0 di perdita di capelli che vedrai sar\u00e0 pi\u00f9 evidente.<br \/>\nCoda di cavallo sottile.<br \/>\nIl cuoio capelluto diventa pi\u00f9 visibile o i capelli hanno meno volume di prima.<br \/>\nI capelli non crescono pi\u00f9 a lungo come prima.<br \/>\nLe estremit\u00e0 sono pi\u00f9 fini del solito, ma non si rompono. Molti nuovi capelli possono anche crescere dal cuoio capelluto in varie lunghezze.<br \/>\nI tuoi capelli diventeranno gradualmente pi\u00f9 fini nella parte anteriore, nella corona o nelle aree delle tempie del cuoio capelluto.<br \/>\nCrescita eccessiva di peli su altre parti del corpo, come viso, petto o braccia.<\/p>\n<p>&nbsp;<\/p>\n<p>Trapianto di capelli nelle donne<br \/>\nLa caduta dei capelli e la calvizie sono problemi di cui soffrono anche le donne. Il trapianto di capelli \u00e8 una delle possibili soluzioni a questi problemi. Tuttavia, il trapianto di capelli non sarebbe la prima soluzione per le donne. Perch\u00e9 la causa della caduta dei capelli nelle donne non sarebbe l&#8217;alopecia androgenetica che \u00e8 la principale causa di calvizie negli uomini, ma avrebbe squilibri ormonali e dietetici o malattie autoimmuni. La calvizie causata da cambiamenti ormonali, d&#8217;altra parte, \u00e8 pi\u00f9 comune dell&#8217;alopecia androgenetica. Per questo motivo, prima di pianificare un intervento di trapianto di capelli, \u00e8 necessario eseguire un&#8217;analisi per vedere i valori degli ormoni che agiscono sui capelli e sul cuoio capelluto. Se non si osserva una causa ormonale e il risultato dell&#8217;analisi indica alopecia androgenetica. Il paziente \u00e8 idoneo a subire un intervento chirurgico di trapianto di capelli. A questo punto il fattore pi\u00f9 importante a cui prestare attenzione \u00e8 il metodo di trapianto di capelli eseguito sulle donne. Il metodo pi\u00f9 utilizzato e preferito dalle donne \u00e8 il trapianto di capelli senza rasatura. In questo metodo ci sono tre opzioni offerte al paziente; trapianto di capelli con rasatura parziale, FUT o FUE senza rasatura. Ciascuno di questi metodi presenta svantaggi e vantaggi. Ad esempio nel metodo FUT il numero di innesti estratti \u00e8 pi\u00f9 limitato che in FUE. Nel trapianto di capelli con rasatura parziale, il paziente deve attendere che i capelli rasati ricrescano per raggiungere la lunghezza dei capelli non rasati. Questo periodo sarebbe spiacevole. Sebbene il trapianto di capelli non rasati sia un metodo preferito dalle donne, \u00e8 una procedura pi\u00f9 costosa e potrebbe presentare un rischio di infezione. In tutti i tipi di operazioni, il medico deve ridurre al minimo i rischi e le complicazioni.<br \/>\nQuindi i punti pi\u00f9 importanti del trapianto di capelli nelle donne<br \/>\n1. analisi del paziente<br \/>\n2. La diagnosi giusta<br \/>\n3. Test ormonali<br \/>\n4.. Tecnica giusta[\/vc_column_text][\/vc_column][\/vc_row]<\/p>\n","protected":false},"excerpt":{"rendered":"<p>[vc_row][vc_column][\/vc_column][vc_column][vc_column_text]Circa un terzo delle donne sperimenter\u00e0 la caduta dei capelli (alopecia) ad un certo punto della loro vita; Dopo la menopausa, due terzi delle donne sperimentano diradamento dei capelli o macchie calve sulla testa. A differenza degli uomini, la caduta dei capelli \u00e8 molto efficace nelle donne perch\u00e9 \u00e8 meno socialmente accettabile per le donne. [&hellip;]<\/p>\n","protected":false},"author":1,"featured_media":12589,"parent":0,"menu_order":0,"comment_status":"closed","ping_status":"closed","template":"","meta":{"footnotes":""},"class_list":["post-12588","page","type-page","status-publish","has-post-thumbnail","hentry"],"acf":[],"yoast_head":"<!-- This site is optimized with the Yoast SEO plugin v24.5 - https:\/\/yoast.com\/wordpress\/plugins\/seo\/ -->\n<title>La caduta dei capelli nelle donne | M.D. Ozlem BICER<\/title>\n<meta name=\"description\" content=\"About a third of women will experience hair loss (alopecia) at some point in their life; After menopause, two thirds of women experience hair thinning or bald spots on their heads.\" \/>\n<meta name=\"robots\" content=\"index, follow, max-snippet:-1, max-image-preview:large, max-video-preview:-1\" \/>\n<link rel=\"canonical\" href=\"https:\/\/ozlembicer.com\/it\/la-caduta-dei-capelli-nelle-donne\/\" \/>\n<meta property=\"og:locale\" content=\"tr_TR\" \/>\n<meta property=\"og:type\" content=\"article\" \/>\n<meta property=\"og:title\" content=\"La caduta dei capelli nelle donne | M.D. Ozlem BICER\" \/>\n<meta property=\"og:description\" content=\"About a third of women will experience hair loss (alopecia) at some point in their life; After menopause, two thirds of women experience hair thinning or bald spots on their heads.\" \/>\n<meta property=\"og:url\" content=\"https:\/\/ozlembicer.com\/it\/la-caduta-dei-capelli-nelle-donne\/\" \/>\n<meta property=\"og:site_name\" content=\"M.D. Ozlem BICER\" \/>\n<meta property=\"article:modified_time\" content=\"2022-05-17T21:46:28+00:00\" \/>\n<meta property=\"og:image\" content=\"http:\/\/ozlembicer.com\/it\/wp-content\/uploads\/2020\/12\/423523.jpg\" \/>\n\t<meta property=\"og:image:width\" content=\"1356\" \/>\n\t<meta property=\"og:image:height\" content=\"788\" \/>\n\t<meta property=\"og:image:type\" content=\"image\/jpeg\" \/>\n<meta name=\"twitter:card\" content=\"summary_large_image\" \/>\n<meta name=\"twitter:label1\" content=\"Tahmini okuma s\u00fcresi\" \/>\n\t<meta name=\"twitter:data1\" content=\"9 dakika\" \/>\n<script type=\"application\/ld+json\" class=\"yoast-schema-graph\">{\"@context\":\"https:\/\/schema.org\",\"@graph\":[{\"@type\":\"WebPage\",\"@id\":\"https:\/\/ozlembicer.com\/it\/la-caduta-dei-capelli-nelle-donne\/\",\"url\":\"https:\/\/ozlembicer.com\/it\/la-caduta-dei-capelli-nelle-donne\/\",\"name\":\"La caduta dei capelli nelle donne | M.D. Ozlem BICER\",\"isPartOf\":{\"@id\":\"https:\/\/ozlembicer.com\/it\/#website\"},\"primaryImageOfPage\":{\"@id\":\"https:\/\/ozlembicer.com\/it\/la-caduta-dei-capelli-nelle-donne\/#primaryimage\"},\"image\":{\"@id\":\"https:\/\/ozlembicer.com\/it\/la-caduta-dei-capelli-nelle-donne\/#primaryimage\"},\"thumbnailUrl\":\"https:\/\/ozlembicer.com\/it\/wp-content\/uploads\/2020\/12\/423523.jpg\",\"datePublished\":\"2020-12-12T09:53:42+00:00\",\"dateModified\":\"2022-05-17T21:46:28+00:00\",\"description\":\"About a third of women will experience hair loss (alopecia) at some point in their life; After menopause, two thirds of women experience hair thinning or bald spots on their heads.\",\"breadcrumb\":{\"@id\":\"https:\/\/ozlembicer.com\/it\/la-caduta-dei-capelli-nelle-donne\/#breadcrumb\"},\"inLanguage\":\"tr\",\"potentialAction\":[{\"@type\":\"ReadAction\",\"target\":[\"https:\/\/ozlembicer.com\/it\/la-caduta-dei-capelli-nelle-donne\/\"]}]},{\"@type\":\"ImageObject\",\"inLanguage\":\"tr\",\"@id\":\"https:\/\/ozlembicer.com\/it\/la-caduta-dei-capelli-nelle-donne\/#primaryimage\",\"url\":\"https:\/\/ozlembicer.com\/it\/wp-content\/uploads\/2020\/12\/423523.jpg\",\"contentUrl\":\"https:\/\/ozlembicer.com\/it\/wp-content\/uploads\/2020\/12\/423523.jpg\",\"width\":1356,\"height\":788},{\"@type\":\"BreadcrumbList\",\"@id\":\"https:\/\/ozlembicer.com\/it\/la-caduta-dei-capelli-nelle-donne\/#breadcrumb\",\"itemListElement\":[{\"@type\":\"ListItem\",\"position\":1,\"name\":\"Anasayfa\",\"item\":\"http:\/\/ozlembicer.com\/it\/\"},{\"@type\":\"ListItem\",\"position\":2,\"name\":\"La caduta dei capelli nelle donne\"}]},{\"@type\":\"WebSite\",\"@id\":\"https:\/\/ozlembicer.com\/it\/#website\",\"url\":\"https:\/\/ozlembicer.com\/it\/\",\"name\":\"M.D. Ozlem BICER\",\"description\":\"Aesthetics is where art and medicine meets.\",\"publisher\":{\"@id\":\"https:\/\/ozlembicer.com\/it\/#organization\"},\"potentialAction\":[{\"@type\":\"SearchAction\",\"target\":{\"@type\":\"EntryPoint\",\"urlTemplate\":\"https:\/\/ozlembicer.com\/it\/?s={search_term_string}\"},\"query-input\":{\"@type\":\"PropertyValueSpecification\",\"valueRequired\":true,\"valueName\":\"search_term_string\"}}],\"inLanguage\":\"tr\"},{\"@type\":\"Organization\",\"@id\":\"https:\/\/ozlembicer.com\/it\/#organization\",\"name\":\"Dr. \u00d6zlem Bi\u00e7er\",\"url\":\"https:\/\/ozlembicer.com\/it\/\",\"logo\":{\"@type\":\"ImageObject\",\"inLanguage\":\"tr\",\"@id\":\"https:\/\/ozlembicer.com\/it\/#\/schema\/logo\/image\/\",\"url\":\"http:\/\/ozlembicer.com\/it\/wp-content\/uploads\/2022\/02\/ozlembicer-logo.jpeg\",\"contentUrl\":\"http:\/\/ozlembicer.com\/it\/wp-content\/uploads\/2022\/02\/ozlembicer-logo.jpeg\",\"width\":1600,\"height\":1600,\"caption\":\"Dr. \u00d6zlem Bi\u00e7er\"},\"image\":{\"@id\":\"https:\/\/ozlembicer.com\/it\/#\/schema\/logo\/image\/\"}}]}<\/script>\n<!-- \/ Yoast SEO plugin. -->","yoast_head_json":{"title":"La caduta dei capelli nelle donne | M.D. Ozlem BICER","description":"About a third of women will experience hair loss (alopecia) at some point in their life; After menopause, two thirds of women experience hair thinning or bald spots on their heads.","robots":{"index":"index","follow":"follow","max-snippet":"max-snippet:-1","max-image-preview":"max-image-preview:large","max-video-preview":"max-video-preview:-1"},"canonical":"https:\/\/ozlembicer.com\/it\/la-caduta-dei-capelli-nelle-donne\/","og_locale":"tr_TR","og_type":"article","og_title":"La caduta dei capelli nelle donne | M.D. Ozlem BICER","og_description":"About a third of women will experience hair loss (alopecia) at some point in their life; After menopause, two thirds of women experience hair thinning or bald spots on their heads.","og_url":"https:\/\/ozlembicer.com\/it\/la-caduta-dei-capelli-nelle-donne\/","og_site_name":"M.D. Ozlem BICER","article_modified_time":"2022-05-17T21:46:28+00:00","og_image":[{"width":1356,"height":788,"url":"http:\/\/ozlembicer.com\/it\/wp-content\/uploads\/2020\/12\/423523.jpg","type":"image\/jpeg"}],"twitter_card":"summary_large_image","twitter_misc":{"Tahmini okuma s\u00fcresi":"9 dakika"},"schema":{"@context":"https:\/\/schema.org","@graph":[{"@type":"WebPage","@id":"https:\/\/ozlembicer.com\/it\/la-caduta-dei-capelli-nelle-donne\/","url":"https:\/\/ozlembicer.com\/it\/la-caduta-dei-capelli-nelle-donne\/","name":"La caduta dei capelli nelle donne | M.D. Ozlem BICER","isPartOf":{"@id":"https:\/\/ozlembicer.com\/it\/#website"},"primaryImageOfPage":{"@id":"https:\/\/ozlembicer.com\/it\/la-caduta-dei-capelli-nelle-donne\/#primaryimage"},"image":{"@id":"https:\/\/ozlembicer.com\/it\/la-caduta-dei-capelli-nelle-donne\/#primaryimage"},"thumbnailUrl":"https:\/\/ozlembicer.com\/it\/wp-content\/uploads\/2020\/12\/423523.jpg","datePublished":"2020-12-12T09:53:42+00:00","dateModified":"2022-05-17T21:46:28+00:00","description":"About a third of women will experience hair loss (alopecia) at some point in their life; After menopause, two thirds of women experience hair thinning or bald spots on their heads.","breadcrumb":{"@id":"https:\/\/ozlembicer.com\/it\/la-caduta-dei-capelli-nelle-donne\/#breadcrumb"},"inLanguage":"tr","potentialAction":[{"@type":"ReadAction","target":["https:\/\/ozlembicer.com\/it\/la-caduta-dei-capelli-nelle-donne\/"]}]},{"@type":"ImageObject","inLanguage":"tr","@id":"https:\/\/ozlembicer.com\/it\/la-caduta-dei-capelli-nelle-donne\/#primaryimage","url":"https:\/\/ozlembicer.com\/it\/wp-content\/uploads\/2020\/12\/423523.jpg","contentUrl":"https:\/\/ozlembicer.com\/it\/wp-content\/uploads\/2020\/12\/423523.jpg","width":1356,"height":788},{"@type":"BreadcrumbList","@id":"https:\/\/ozlembicer.com\/it\/la-caduta-dei-capelli-nelle-donne\/#breadcrumb","itemListElement":[{"@type":"ListItem","position":1,"name":"Anasayfa","item":"http:\/\/ozlembicer.com\/it\/"},{"@type":"ListItem","position":2,"name":"La caduta dei capelli nelle donne"}]},{"@type":"WebSite","@id":"https:\/\/ozlembicer.com\/it\/#website","url":"https:\/\/ozlembicer.com\/it\/","name":"M.D. Ozlem BICER","description":"Aesthetics is where art and medicine meets.","publisher":{"@id":"https:\/\/ozlembicer.com\/it\/#organization"},"potentialAction":[{"@type":"SearchAction","target":{"@type":"EntryPoint","urlTemplate":"https:\/\/ozlembicer.com\/it\/?s={search_term_string}"},"query-input":{"@type":"PropertyValueSpecification","valueRequired":true,"valueName":"search_term_string"}}],"inLanguage":"tr"},{"@type":"Organization","@id":"https:\/\/ozlembicer.com\/it\/#organization","name":"Dr. \u00d6zlem Bi\u00e7er","url":"https:\/\/ozlembicer.com\/it\/","logo":{"@type":"ImageObject","inLanguage":"tr","@id":"https:\/\/ozlembicer.com\/it\/#\/schema\/logo\/image\/","url":"http:\/\/ozlembicer.com\/it\/wp-content\/uploads\/2022\/02\/ozlembicer-logo.jpeg","contentUrl":"http:\/\/ozlembicer.com\/it\/wp-content\/uploads\/2022\/02\/ozlembicer-logo.jpeg","width":1600,"height":1600,"caption":"Dr. \u00d6zlem Bi\u00e7er"},"image":{"@id":"https:\/\/ozlembicer.com\/it\/#\/schema\/logo\/image\/"}}]}},"_links":{"self":[{"href":"https:\/\/ozlembicer.com\/it\/wp-json\/wp\/v2\/pages\/12588","targetHints":{"allow":["GET"]}}],"collection":[{"href":"https:\/\/ozlembicer.com\/it\/wp-json\/wp\/v2\/pages"}],"about":[{"href":"https:\/\/ozlembicer.com\/it\/wp-json\/wp\/v2\/types\/page"}],"author":[{"embeddable":true,"href":"https:\/\/ozlembicer.com\/it\/wp-json\/wp\/v2\/users\/1"}],"replies":[{"embeddable":true,"href":"https:\/\/ozlembicer.com\/it\/wp-json\/wp\/v2\/comments?post=12588"}],"version-history":[{"count":7,"href":"https:\/\/ozlembicer.com\/it\/wp-json\/wp\/v2\/pages\/12588\/revisions"}],"predecessor-version":[{"id":13159,"href":"https:\/\/ozlembicer.com\/it\/wp-json\/wp\/v2\/pages\/12588\/revisions\/13159"}],"wp:featuredmedia":[{"embeddable":true,"href":"https:\/\/ozlembicer.com\/it\/wp-json\/wp\/v2\/media\/12589"}],"wp:attachment":[{"href":"https:\/\/ozlembicer.com\/it\/wp-json\/wp\/v2\/media?parent=12588"}],"curies":[{"name":"wp","href":"https:\/\/api.w.org\/{rel}","templated":true}]}}