{"id":12684,"date":"2021-01-21T10:18:14","date_gmt":"2021-01-21T10:18:14","guid":{"rendered":"https:\/\/ozlembicer.com\/it\/?page_id=12684"},"modified":"2023-04-12T07:06:35","modified_gmt":"2023-04-12T07:06:35","slug":"scala-di-norwood","status":"publish","type":"page","link":"https:\/\/ozlembicer.com\/it\/scala-di-norwood\/","title":{"rendered":"Scala di Norwood"},"content":{"rendered":"<p>[vc_row][vc_column][vc_column_text]<\/p>\n<p class=\"tw-data-text tw-text-large XcVN5d tw-ta\" dir=\"ltr\" data-placeholder=\"\u00c7eviri\"><span lang=\"en\"><img decoding=\"async\" loading=\"lazy\" class=\"wp-image-12739 size-large aligncenter\" src=\"http:\/\/ozlembicer.com\/it\/wp-content\/uploads\/2021\/01\/5202-norwoodscale-1296x600-1-1024x395.jpg\" alt=\"\" width=\"847\" height=\"327\" srcset=\"http:\/\/ozlembicer.com\/it\/wp-content\/uploads\/2021\/01\/5202-norwoodscale-1296x600-1-1024x395.jpg 1024w, http:\/\/ozlembicer.com\/it\/wp-content\/uploads\/2021\/01\/5202-norwoodscale-1296x600-1-300x116.jpg 300w, http:\/\/ozlembicer.com\/it\/wp-content\/uploads\/2021\/01\/5202-norwoodscale-1296x600-1-768x296.jpg 768w, http:\/\/ozlembicer.com\/it\/wp-content\/uploads\/2021\/01\/5202-norwoodscale-1296x600-1-770x297.jpg 770w, http:\/\/ozlembicer.com\/it\/wp-content\/uploads\/2021\/01\/5202-norwoodscale-1296x600-1.jpg 1155w\" sizes=\"auto, (max-width: 847px) 100vw, 847px\" \/><br \/>\n<\/span><\/p>\n<p>La scala di Norwood \u00e8 uno strumento che pu\u00f2 essere utilizzato per misurare la calvizie maschile o l&#8217;alopecia androgenetica negli uomini. La scala di Norwood era precedentemente nota come scala Hamilton-Norwood, tuttavia nel 2018 \u00e8 pi\u00f9 comunemente nota come scala di Norwood. Chi ha inventato la scala di Norwood? Il principale creatore della scala di Norwood \u00e8 il dottor James Hamilton che l&#8217;ha redatta intorno agli anni &#8217;50. Questo \u00e8 stato rivisto dal Dr. O&#8217;Tar Norwood negli anni &#8217;70, che ha aggiornato questo strumento usandolo come un modo per misurare la calvizie maschile.<\/p>\n<p>Come viene utilizzata la scala di Norwood? La scala Norwood \u00e8 il modo migliore per misurare l&#8217;entit\u00e0 della caduta dei capelli. Questo \u00e8 usato per la calvizie maschile o l&#8217;alopecia androgenetica negli uomini. Quando capisci che stai perdendo i capelli, questo strumento pu\u00f2 guidarti nel giudicare se stai davvero perdendo i capelli o se stai soffrendo di alopecia. (<a href=\"https:\/\/mythdetector.ge\/ka\/buy-modafinil-uk\/\">mythdetector.ge<\/a>)  \u00c8 possibile utilizzare la scala di Norwood comprendendo le varie fasi della caduta dei capelli nella tabella. \u00c8 classificato in base a fasi che vanno da 1 a 7. Hai bisogno di uno specchio per vedere come i tuoi capelli si confrontano con la scala.<\/p>\n<p>Inoltre puoi guardare la scala in due modi. La calvizie maschile frontale significa che l&#8217;attaccatura dei capelli inizia a muoversi all&#8217;indietro dalla parte anteriore del cuoio capelluto o dall&#8217;attaccatura dei capelli. L&#8217;altro punto di vista \u00e8 la calvizie maschile del vertice che parte dalla sommit\u00e0 della testa. Entrambi i modelli finiscono con lo stadio 6 e 7 della scala Norwood. La fase 1 coincide con l&#8217;assenza di caduta dei capelli, quindi la scala inizia con la fase 2. La fase (o classe) 1 rappresenta una linea sottile di capelli che in realt\u00e0 non sono calvi. Perch\u00e9 la scala di Norwood \u00e8 utile? La scala Norwood \u00e8 utile perch\u00e9 pu\u00f2 essere uno strumento per controllare la gravit\u00e0 della caduta dei capelli.<\/p>\n<p>Questo \u00e8 uno strumento importante che guider\u00e0 il giudizio del medico sulla terapia da utilizzare e anche per capire se la caduta dei capelli pu\u00f2 essere associata ad altri problemi medici. La scala Norwood \u00e8 utile per fungere da guida e determinare in quale fase della caduta dei capelli ti trovi e in che misura alcuni trattamenti possono essere efficaci per te. \u00c8 importante non autodiagnosticare la caduta dei capelli. Potresti pensare di sottoporti a un trattamento per questo effetto, ma \u00e8 comunque importante capire prima come e se la tua caduta dei capelli sta progredendo. A tal fine, puoi contattare la dott.ssa \u00d6zlem Bi\u00e7er e il suo team medico per aiutarti a descrivere la tua caduta dei capelli e trovare un rimedio.<\/p>\n<p id=\"tw-target-text\" class=\"tw-data-text tw-text-large XcVN5d tw-ta\" dir=\"ltr\" data-placeholder=\"\u00c7eviri\"><span lang=\"en\">\u00a0<\/span><\/p>\n<p>[\/vc_column_text][\/vc_column][\/vc_row]<\/p>\n","protected":false},"excerpt":{"rendered":"<p>[vc_row][vc_column][vc_column_text] La scala di Norwood \u00e8 uno strumento che pu\u00f2 essere utilizzato per misurare la calvizie maschile o l&#8217;alopecia androgenetica negli uomini. La scala di Norwood era precedentemente nota come scala Hamilton-Norwood, tuttavia nel 2018 \u00e8 pi\u00f9 comunemente nota come scala di Norwood. Chi ha inventato la scala di Norwood? Il principale creatore della scala [&hellip;]<\/p>\n","protected":false},"author":1,"featured_media":13085,"parent":0,"menu_order":0,"comment_status":"closed","ping_status":"open","template":"","meta":{"footnotes":""},"class_list":["post-12684","page","type-page","status-publish","has-post-thumbnail","hentry"],"acf":[],"yoast_head":"<!-- This site is optimized with the Yoast SEO plugin v24.5 - https:\/\/yoast.com\/wordpress\/plugins\/seo\/ -->\n<title>Scala di Norwood | M.D. Ozlem BICER<\/title>\n<meta name=\"robots\" content=\"index, follow, max-snippet:-1, max-image-preview:large, max-video-preview:-1\" \/>\n<link rel=\"canonical\" href=\"https:\/\/ozlembicer.com\/it\/scala-di-norwood\/\" \/>\n<meta property=\"og:locale\" content=\"tr_TR\" \/>\n<meta property=\"og:type\" content=\"article\" \/>\n<meta property=\"og:title\" content=\"Scala di Norwood | M.D. Ozlem BICER\" \/>\n<meta property=\"og:description\" content=\"[vc_row][vc_column][vc_column_text] La scala di Norwood \u00e8 uno strumento che pu\u00f2 essere utilizzato per misurare la calvizie maschile o l&#8217;alopecia androgenetica negli uomini. La scala di Norwood era precedentemente nota come scala Hamilton-Norwood, tuttavia nel 2018 \u00e8 pi\u00f9 comunemente nota come scala di Norwood. Chi ha inventato la scala di Norwood? Il principale creatore della scala [&hellip;]\" \/>\n<meta property=\"og:url\" content=\"https:\/\/ozlembicer.com\/it\/scala-di-norwood\/\" \/>\n<meta property=\"og:site_name\" content=\"M.D. Ozlem BICER\" \/>\n<meta property=\"article:modified_time\" content=\"2023-04-12T07:06:35+00:00\" \/>\n<meta property=\"og:image\" content=\"http:\/\/ozlembicer.com\/it\/wp-content\/uploads\/2022\/04\/ozlem-bicer-200x200-1.png\" \/>\n\t<meta property=\"og:image:width\" content=\"200\" \/>\n\t<meta property=\"og:image:height\" content=\"200\" \/>\n\t<meta property=\"og:image:type\" content=\"image\/png\" \/>\n<meta name=\"twitter:card\" content=\"summary_large_image\" \/>\n<meta name=\"twitter:label1\" content=\"Tahmini okuma s\u00fcresi\" \/>\n\t<meta name=\"twitter:data1\" content=\"2 dakika\" \/>\n<script type=\"application\/ld+json\" class=\"yoast-schema-graph\">{\"@context\":\"https:\/\/schema.org\",\"@graph\":[{\"@type\":\"WebPage\",\"@id\":\"https:\/\/ozlembicer.com\/it\/scala-di-norwood\/\",\"url\":\"https:\/\/ozlembicer.com\/it\/scala-di-norwood\/\",\"name\":\"Scala di Norwood | M.D. Ozlem BICER\",\"isPartOf\":{\"@id\":\"https:\/\/ozlembicer.com\/it\/#website\"},\"primaryImageOfPage\":{\"@id\":\"https:\/\/ozlembicer.com\/it\/scala-di-norwood\/#primaryimage\"},\"image\":{\"@id\":\"https:\/\/ozlembicer.com\/it\/scala-di-norwood\/#primaryimage\"},\"thumbnailUrl\":\"https:\/\/ozlembicer.com\/it\/wp-content\/uploads\/2022\/04\/ozlem-bicer-200x200-1.png\",\"datePublished\":\"2021-01-21T10:18:14+00:00\",\"dateModified\":\"2023-04-12T07:06:35+00:00\",\"breadcrumb\":{\"@id\":\"https:\/\/ozlembicer.com\/it\/scala-di-norwood\/#breadcrumb\"},\"inLanguage\":\"tr\",\"potentialAction\":[{\"@type\":\"ReadAction\",\"target\":[\"https:\/\/ozlembicer.com\/it\/scala-di-norwood\/\"]}]},{\"@type\":\"ImageObject\",\"inLanguage\":\"tr\",\"@id\":\"https:\/\/ozlembicer.com\/it\/scala-di-norwood\/#primaryimage\",\"url\":\"https:\/\/ozlembicer.com\/it\/wp-content\/uploads\/2022\/04\/ozlem-bicer-200x200-1.png\",\"contentUrl\":\"https:\/\/ozlembicer.com\/it\/wp-content\/uploads\/2022\/04\/ozlem-bicer-200x200-1.png\",\"width\":200,\"height\":200},{\"@type\":\"BreadcrumbList\",\"@id\":\"https:\/\/ozlembicer.com\/it\/scala-di-norwood\/#breadcrumb\",\"itemListElement\":[{\"@type\":\"ListItem\",\"position\":1,\"name\":\"Anasayfa\",\"item\":\"http:\/\/ozlembicer.com\/it\/\"},{\"@type\":\"ListItem\",\"position\":2,\"name\":\"Scala di Norwood\"}]},{\"@type\":\"WebSite\",\"@id\":\"https:\/\/ozlembicer.com\/it\/#website\",\"url\":\"https:\/\/ozlembicer.com\/it\/\",\"name\":\"M.D. Ozlem BICER\",\"description\":\"Aesthetics is where art and medicine meets.\",\"publisher\":{\"@id\":\"https:\/\/ozlembicer.com\/it\/#organization\"},\"potentialAction\":[{\"@type\":\"SearchAction\",\"target\":{\"@type\":\"EntryPoint\",\"urlTemplate\":\"https:\/\/ozlembicer.com\/it\/?s={search_term_string}\"},\"query-input\":{\"@type\":\"PropertyValueSpecification\",\"valueRequired\":true,\"valueName\":\"search_term_string\"}}],\"inLanguage\":\"tr\"},{\"@type\":\"Organization\",\"@id\":\"https:\/\/ozlembicer.com\/it\/#organization\",\"name\":\"Dr. \u00d6zlem Bi\u00e7er\",\"url\":\"https:\/\/ozlembicer.com\/it\/\",\"logo\":{\"@type\":\"ImageObject\",\"inLanguage\":\"tr\",\"@id\":\"https:\/\/ozlembicer.com\/it\/#\/schema\/logo\/image\/\",\"url\":\"http:\/\/ozlembicer.com\/it\/wp-content\/uploads\/2022\/02\/ozlembicer-logo.jpeg\",\"contentUrl\":\"http:\/\/ozlembicer.com\/it\/wp-content\/uploads\/2022\/02\/ozlembicer-logo.jpeg\",\"width\":1600,\"height\":1600,\"caption\":\"Dr. \u00d6zlem Bi\u00e7er\"},\"image\":{\"@id\":\"https:\/\/ozlembicer.com\/it\/#\/schema\/logo\/image\/\"}}]}<\/script>\n<!-- \/ Yoast SEO plugin. -->","yoast_head_json":{"title":"Scala di Norwood | M.D. Ozlem BICER","robots":{"index":"index","follow":"follow","max-snippet":"max-snippet:-1","max-image-preview":"max-image-preview:large","max-video-preview":"max-video-preview:-1"},"canonical":"https:\/\/ozlembicer.com\/it\/scala-di-norwood\/","og_locale":"tr_TR","og_type":"article","og_title":"Scala di Norwood | M.D. Ozlem BICER","og_description":"[vc_row][vc_column][vc_column_text] La scala di Norwood \u00e8 uno strumento che pu\u00f2 essere utilizzato per misurare la calvizie maschile o l&#8217;alopecia androgenetica negli uomini. La scala di Norwood era precedentemente nota come scala Hamilton-Norwood, tuttavia nel 2018 \u00e8 pi\u00f9 comunemente nota come scala di Norwood. Chi ha inventato la scala di Norwood? Il principale creatore della scala [&hellip;]","og_url":"https:\/\/ozlembicer.com\/it\/scala-di-norwood\/","og_site_name":"M.D. Ozlem BICER","article_modified_time":"2023-04-12T07:06:35+00:00","og_image":[{"width":200,"height":200,"url":"http:\/\/ozlembicer.com\/it\/wp-content\/uploads\/2022\/04\/ozlem-bicer-200x200-1.png","type":"image\/png"}],"twitter_card":"summary_large_image","twitter_misc":{"Tahmini okuma s\u00fcresi":"2 dakika"},"schema":{"@context":"https:\/\/schema.org","@graph":[{"@type":"WebPage","@id":"https:\/\/ozlembicer.com\/it\/scala-di-norwood\/","url":"https:\/\/ozlembicer.com\/it\/scala-di-norwood\/","name":"Scala di Norwood | M.D. Ozlem BICER","isPartOf":{"@id":"https:\/\/ozlembicer.com\/it\/#website"},"primaryImageOfPage":{"@id":"https:\/\/ozlembicer.com\/it\/scala-di-norwood\/#primaryimage"},"image":{"@id":"https:\/\/ozlembicer.com\/it\/scala-di-norwood\/#primaryimage"},"thumbnailUrl":"https:\/\/ozlembicer.com\/it\/wp-content\/uploads\/2022\/04\/ozlem-bicer-200x200-1.png","datePublished":"2021-01-21T10:18:14+00:00","dateModified":"2023-04-12T07:06:35+00:00","breadcrumb":{"@id":"https:\/\/ozlembicer.com\/it\/scala-di-norwood\/#breadcrumb"},"inLanguage":"tr","potentialAction":[{"@type":"ReadAction","target":["https:\/\/ozlembicer.com\/it\/scala-di-norwood\/"]}]},{"@type":"ImageObject","inLanguage":"tr","@id":"https:\/\/ozlembicer.com\/it\/scala-di-norwood\/#primaryimage","url":"https:\/\/ozlembicer.com\/it\/wp-content\/uploads\/2022\/04\/ozlem-bicer-200x200-1.png","contentUrl":"https:\/\/ozlembicer.com\/it\/wp-content\/uploads\/2022\/04\/ozlem-bicer-200x200-1.png","width":200,"height":200},{"@type":"BreadcrumbList","@id":"https:\/\/ozlembicer.com\/it\/scala-di-norwood\/#breadcrumb","itemListElement":[{"@type":"ListItem","position":1,"name":"Anasayfa","item":"http:\/\/ozlembicer.com\/it\/"},{"@type":"ListItem","position":2,"name":"Scala di Norwood"}]},{"@type":"WebSite","@id":"https:\/\/ozlembicer.com\/it\/#website","url":"https:\/\/ozlembicer.com\/it\/","name":"M.D. Ozlem BICER","description":"Aesthetics is where art and medicine meets.","publisher":{"@id":"https:\/\/ozlembicer.com\/it\/#organization"},"potentialAction":[{"@type":"SearchAction","target":{"@type":"EntryPoint","urlTemplate":"https:\/\/ozlembicer.com\/it\/?s={search_term_string}"},"query-input":{"@type":"PropertyValueSpecification","valueRequired":true,"valueName":"search_term_string"}}],"inLanguage":"tr"},{"@type":"Organization","@id":"https:\/\/ozlembicer.com\/it\/#organization","name":"Dr. \u00d6zlem Bi\u00e7er","url":"https:\/\/ozlembicer.com\/it\/","logo":{"@type":"ImageObject","inLanguage":"tr","@id":"https:\/\/ozlembicer.com\/it\/#\/schema\/logo\/image\/","url":"http:\/\/ozlembicer.com\/it\/wp-content\/uploads\/2022\/02\/ozlembicer-logo.jpeg","contentUrl":"http:\/\/ozlembicer.com\/it\/wp-content\/uploads\/2022\/02\/ozlembicer-logo.jpeg","width":1600,"height":1600,"caption":"Dr. \u00d6zlem Bi\u00e7er"},"image":{"@id":"https:\/\/ozlembicer.com\/it\/#\/schema\/logo\/image\/"}}]}},"_links":{"self":[{"href":"https:\/\/ozlembicer.com\/it\/wp-json\/wp\/v2\/pages\/12684","targetHints":{"allow":["GET"]}}],"collection":[{"href":"https:\/\/ozlembicer.com\/it\/wp-json\/wp\/v2\/pages"}],"about":[{"href":"https:\/\/ozlembicer.com\/it\/wp-json\/wp\/v2\/types\/page"}],"author":[{"embeddable":true,"href":"https:\/\/ozlembicer.com\/it\/wp-json\/wp\/v2\/users\/1"}],"replies":[{"embeddable":true,"href":"https:\/\/ozlembicer.com\/it\/wp-json\/wp\/v2\/comments?post=12684"}],"version-history":[{"count":9,"href":"https:\/\/ozlembicer.com\/it\/wp-json\/wp\/v2\/pages\/12684\/revisions"}],"predecessor-version":[{"id":13203,"href":"https:\/\/ozlembicer.com\/it\/wp-json\/wp\/v2\/pages\/12684\/revisions\/13203"}],"wp:featuredmedia":[{"embeddable":true,"href":"https:\/\/ozlembicer.com\/it\/wp-json\/wp\/v2\/media\/13085"}],"wp:attachment":[{"href":"https:\/\/ozlembicer.com\/it\/wp-json\/wp\/v2\/media?parent=12684"}],"curies":[{"name":"wp","href":"https:\/\/api.w.org\/{rel}","templated":true}]}}