{"id":12735,"date":"2021-01-26T21:17:36","date_gmt":"2021-01-26T21:17:36","guid":{"rendered":"https:\/\/ozlembicer.com\/it\/?page_id=12735"},"modified":"2022-05-17T21:51:55","modified_gmt":"2022-05-17T21:51:55","slug":"prp","status":"publish","type":"page","link":"https:\/\/ozlembicer.com\/it\/prp\/","title":{"rendered":"PRP"},"content":{"rendered":"<p>[vc_row][vc_column][vc_column_text]Negli ultimi anni sono stati sviluppati numerosi nuovi trattamenti e terapie per le persone con problemi di capelli. Un trapianto di capelli \u00e8 sicuramente una buona scelta per le persone che hanno aree calve significative, ma ci sono anche persone che non sono pronte per un&#8217;operazione cos\u00ec invasiva e che desiderano trovare prima altre soluzioni.<\/p>\n<p>La terapia con PRP o plasma ricco di piastrine \u00e8 uno di questi metodi e questo sta rapidamente guadagnando molta popolarit\u00e0 tra le persone che soffrono di caduta dei capelli.<\/p>\n<p class=\"tw-data-text tw-text-large XcVN5d tw-ta\" dir=\"ltr\" data-placeholder=\"\u00c7eviri\"><strong>Cos&#8217;\u00e8 il PRP?<\/strong><\/p>\n<p>Il trattamento PRP (plasma ricco di piastrine) \u00e8 uno dei migliori trattamenti per la caduta dei capelli per le persone che soffrono di questo problema.<\/p>\n<p>Questa terapia ha infatti mostrato risultati promettenti con coloro che hanno iniziato a perdere i capelli o la cui caduta non si \u00e8 ancora stabilizzata. Tuttavia, \u00e8 stato osservato che questo trattamento ha dato i migliori risultati con coloro che avevano gi\u00e0 subito un trapianto di capelli.<\/p>\n<p>Infatti, durante l&#8217;operazione, quando gli innesti &#8211; che di per s\u00e9 sono estremamente fragili &#8211; sono stati impiantati, hanno bisogno di un aiuto che li possa facilitare l&#8217;attecchimento e permettere la crescita di nuovi capelli. \u00c8 qui che entra in gioco il PRP, perch\u00e9 i fattori di crescita nel plasma ricco di piastrine possono aiutare gli innesti a prosperare.<\/p>\n<p>Le piastrine hanno diverse strutture intracellulari, alcune delle quali includono glicogeno, lisosomi e granuli alfa. Ognuno di questi \u00e8 responsabile della guarigione del corpo e contribuisce alla crescita generale. Questo \u00e8 uno dei motivi per cui il PRP funziona molto bene dopo un trapianto di capelli. Qui alla Clinica del Dr. \u00d6zlem Bi\u00e7er per il tuo trapianto di capelli utilizzeremo il tuo PRP per mantenere sane le tue unit\u00e0 follicolari durante la fase di trasferimento.<\/p>\n<p id=\"tw-target-text\" class=\"tw-data-text tw-text-large XcVN5d tw-ta\" dir=\"ltr\" data-placeholder=\"\u00c7eviri\"><strong>Procedura e costo del PRP<\/strong><\/p>\n<p>Quando stai cercando un metodo efficace per l&#8217;aumento dei capelli, un trapianto pu\u00f2 essere la soluzione migliore, ma la terapia PRP pu\u00f2 sicuramente essere utile a lungo termine.<br \/>\nLe iniezioni possono supportare la crescita dei capelli e garantire che vi sia una corretta produzione di collagene.<\/p>\n<p>La procedura \u00e8 abbastanza semplice: il sangue viene prelevato dal tuo corpo e posto in una centrifuga, in cui il plasma ricco di piastrine viene separato dal resto degli elementi. Questo plasma viene quindi trattato con fattori di crescita e pronto per essere iniettato. Ti verr\u00e0 somministrata una dose di anestesia locale e il siero verr\u00e0 iniettato nel cuoio capelluto. Una volta che l&#8217;anestesia scompare, puoi tornare alla tua normale routine quotidiana come se nulla fosse successo.<\/p>\n<p id=\"tw-target-text\" class=\"tw-data-text tw-text-large XcVN5d tw-ta\" dir=\"ltr\" data-placeholder=\"\u00c7eviri\"><strong>Benefici della terapia PRP<\/strong><\/p>\n<p>Ci sono innumerevoli ragioni per cui un numero crescente di persone sta optando per la terapia PRP e perch\u00e9 anche i medici suggeriscono la stessa cosa. Questi sono:<\/p>\n<ul>\n<li>Il siero che viene iniettato nel cuoio capelluto viene prodotto utilizzando il tuo stesso sangue, motivo per cui non hai davvero nulla da temere. Poich\u00e9 viene utilizzato il tuo stesso sangue, le possibilit\u00e0 che il corpo lo rifiuti sono minime ed \u00e8 anche per questo che le possibilit\u00e0 di successo sono maggiori.<\/li>\n<li>\n<p id=\"tw-target-text\" class=\"tw-data-text tw-text-large XcVN5d tw-ta\" dir=\"ltr\" data-placeholder=\"\u00c7eviri\">Poich\u00e9 il tuo sangue verr\u00e0 utilizzato, non c&#8217;\u00e8 possibilit\u00e0 di infezione o allergia, il che aumenta esponenzialmente le possibilit\u00e0 di successo.<\/p>\n<\/li>\n<li>\n<p id=\"tw-target-text\" class=\"tw-data-text tw-text-large XcVN5d tw-ta\" dir=\"ltr\" data-placeholder=\"\u00c7eviri\">La procedura non richiede altro che alcune iniezioni, tutte somministrate in anestesia locale. Ci\u00f2 significa che non sentirai alcun dolore, a parte la puntura di un ago per iniezione di anestesia.<\/p>\n<\/li>\n<li>\n<p id=\"tw-target-text\" class=\"tw-data-text tw-text-large XcVN5d tw-ta\" dir=\"ltr\" data-placeholder=\"\u00c7eviri\">Anche se la terapia potrebbe non darti i risultati che ti saresti aspettato, sicuramente grazie a questa terapia non sperimenterai ulteriore caduta dei capelli.<\/p>\n<\/li>\n<\/ul>\n<p id=\"tw-target-text\" class=\"tw-data-text tw-text-large XcVN5d tw-ta\" dir=\"ltr\" data-placeholder=\"\u00c7eviri\"><span lang=\"en\">\u00a0<\/span><\/p>\n<p>[\/vc_column_text][\/vc_column][\/vc_row]<\/p>\n","protected":false},"excerpt":{"rendered":"<p>[vc_row][vc_column][vc_column_text]Negli ultimi anni sono stati sviluppati numerosi nuovi trattamenti e terapie per le persone con problemi di capelli. Un trapianto di capelli \u00e8 sicuramente una buona scelta per le persone che hanno aree calve significative, ma ci sono anche persone che non sono pronte per un&#8217;operazione cos\u00ec invasiva e che desiderano trovare prima altre soluzioni. [&hellip;]<\/p>\n","protected":false},"author":1,"featured_media":13085,"parent":0,"menu_order":0,"comment_status":"closed","ping_status":"closed","template":"","meta":{"footnotes":""},"class_list":["post-12735","page","type-page","status-publish","has-post-thumbnail","hentry"],"acf":[],"yoast_head":"<!-- This site is optimized with the Yoast SEO plugin v24.5 - https:\/\/yoast.com\/wordpress\/plugins\/seo\/ -->\n<title>PRP | M.D. Ozlem BICER<\/title>\n<meta name=\"robots\" content=\"index, follow, max-snippet:-1, max-image-preview:large, max-video-preview:-1\" \/>\n<link rel=\"canonical\" href=\"https:\/\/ozlembicer.com\/it\/prp\/\" \/>\n<meta property=\"og:locale\" content=\"tr_TR\" \/>\n<meta property=\"og:type\" content=\"article\" \/>\n<meta property=\"og:title\" content=\"PRP | M.D. Ozlem BICER\" \/>\n<meta property=\"og:description\" content=\"[vc_row][vc_column][vc_column_text]Negli ultimi anni sono stati sviluppati numerosi nuovi trattamenti e terapie per le persone con problemi di capelli. Un trapianto di capelli \u00e8 sicuramente una buona scelta per le persone che hanno aree calve significative, ma ci sono anche persone che non sono pronte per un&#8217;operazione cos\u00ec invasiva e che desiderano trovare prima altre soluzioni. [&hellip;]\" \/>\n<meta property=\"og:url\" content=\"https:\/\/ozlembicer.com\/it\/prp\/\" \/>\n<meta property=\"og:site_name\" content=\"M.D. Ozlem BICER\" \/>\n<meta property=\"article:modified_time\" content=\"2022-05-17T21:51:55+00:00\" \/>\n<meta property=\"og:image\" content=\"https:\/\/ozlembicer.com\/it\/wp-content\/uploads\/2022\/04\/ozlem-bicer-200x200-1.png\" \/>\n\t<meta property=\"og:image:width\" content=\"200\" \/>\n\t<meta property=\"og:image:height\" content=\"200\" \/>\n\t<meta property=\"og:image:type\" content=\"image\/png\" \/>\n<meta name=\"twitter:card\" content=\"summary_large_image\" \/>\n<meta name=\"twitter:label1\" content=\"Tahmini okuma s\u00fcresi\" \/>\n\t<meta name=\"twitter:data1\" content=\"3 dakika\" \/>\n<script type=\"application\/ld+json\" class=\"yoast-schema-graph\">{\"@context\":\"https:\/\/schema.org\",\"@graph\":[{\"@type\":\"WebPage\",\"@id\":\"https:\/\/ozlembicer.com\/it\/prp\/\",\"url\":\"https:\/\/ozlembicer.com\/it\/prp\/\",\"name\":\"PRP | M.D. Ozlem BICER\",\"isPartOf\":{\"@id\":\"https:\/\/ozlembicer.com\/it\/#website\"},\"primaryImageOfPage\":{\"@id\":\"https:\/\/ozlembicer.com\/it\/prp\/#primaryimage\"},\"image\":{\"@id\":\"https:\/\/ozlembicer.com\/it\/prp\/#primaryimage\"},\"thumbnailUrl\":\"https:\/\/ozlembicer.com\/it\/wp-content\/uploads\/2022\/04\/ozlem-bicer-200x200-1.png\",\"datePublished\":\"2021-01-26T21:17:36+00:00\",\"dateModified\":\"2022-05-17T21:51:55+00:00\",\"breadcrumb\":{\"@id\":\"https:\/\/ozlembicer.com\/it\/prp\/#breadcrumb\"},\"inLanguage\":\"tr\",\"potentialAction\":[{\"@type\":\"ReadAction\",\"target\":[\"https:\/\/ozlembicer.com\/it\/prp\/\"]}]},{\"@type\":\"ImageObject\",\"inLanguage\":\"tr\",\"@id\":\"https:\/\/ozlembicer.com\/it\/prp\/#primaryimage\",\"url\":\"https:\/\/ozlembicer.com\/it\/wp-content\/uploads\/2022\/04\/ozlem-bicer-200x200-1.png\",\"contentUrl\":\"https:\/\/ozlembicer.com\/it\/wp-content\/uploads\/2022\/04\/ozlem-bicer-200x200-1.png\",\"width\":200,\"height\":200},{\"@type\":\"BreadcrumbList\",\"@id\":\"https:\/\/ozlembicer.com\/it\/prp\/#breadcrumb\",\"itemListElement\":[{\"@type\":\"ListItem\",\"position\":1,\"name\":\"Anasayfa\",\"item\":\"http:\/\/ozlembicer.com\/it\/\"},{\"@type\":\"ListItem\",\"position\":2,\"name\":\"PRP\"}]},{\"@type\":\"WebSite\",\"@id\":\"https:\/\/ozlembicer.com\/it\/#website\",\"url\":\"https:\/\/ozlembicer.com\/it\/\",\"name\":\"M.D. Ozlem BICER\",\"description\":\"Aesthetics is where art and medicine meets.\",\"publisher\":{\"@id\":\"https:\/\/ozlembicer.com\/it\/#organization\"},\"potentialAction\":[{\"@type\":\"SearchAction\",\"target\":{\"@type\":\"EntryPoint\",\"urlTemplate\":\"https:\/\/ozlembicer.com\/it\/?s={search_term_string}\"},\"query-input\":{\"@type\":\"PropertyValueSpecification\",\"valueRequired\":true,\"valueName\":\"search_term_string\"}}],\"inLanguage\":\"tr\"},{\"@type\":\"Organization\",\"@id\":\"https:\/\/ozlembicer.com\/it\/#organization\",\"name\":\"Dr. \u00d6zlem Bi\u00e7er\",\"url\":\"https:\/\/ozlembicer.com\/it\/\",\"logo\":{\"@type\":\"ImageObject\",\"inLanguage\":\"tr\",\"@id\":\"https:\/\/ozlembicer.com\/it\/#\/schema\/logo\/image\/\",\"url\":\"http:\/\/ozlembicer.com\/it\/wp-content\/uploads\/2022\/02\/ozlembicer-logo.jpeg\",\"contentUrl\":\"http:\/\/ozlembicer.com\/it\/wp-content\/uploads\/2022\/02\/ozlembicer-logo.jpeg\",\"width\":1600,\"height\":1600,\"caption\":\"Dr. \u00d6zlem Bi\u00e7er\"},\"image\":{\"@id\":\"https:\/\/ozlembicer.com\/it\/#\/schema\/logo\/image\/\"}}]}<\/script>\n<!-- \/ Yoast SEO plugin. -->","yoast_head_json":{"title":"PRP | M.D. Ozlem BICER","robots":{"index":"index","follow":"follow","max-snippet":"max-snippet:-1","max-image-preview":"max-image-preview:large","max-video-preview":"max-video-preview:-1"},"canonical":"https:\/\/ozlembicer.com\/it\/prp\/","og_locale":"tr_TR","og_type":"article","og_title":"PRP | M.D. Ozlem BICER","og_description":"[vc_row][vc_column][vc_column_text]Negli ultimi anni sono stati sviluppati numerosi nuovi trattamenti e terapie per le persone con problemi di capelli. Un trapianto di capelli \u00e8 sicuramente una buona scelta per le persone che hanno aree calve significative, ma ci sono anche persone che non sono pronte per un&#8217;operazione cos\u00ec invasiva e che desiderano trovare prima altre soluzioni. [&hellip;]","og_url":"https:\/\/ozlembicer.com\/it\/prp\/","og_site_name":"M.D. Ozlem BICER","article_modified_time":"2022-05-17T21:51:55+00:00","og_image":[{"width":200,"height":200,"url":"https:\/\/ozlembicer.com\/it\/wp-content\/uploads\/2022\/04\/ozlem-bicer-200x200-1.png","type":"image\/png"}],"twitter_card":"summary_large_image","twitter_misc":{"Tahmini okuma s\u00fcresi":"3 dakika"},"schema":{"@context":"https:\/\/schema.org","@graph":[{"@type":"WebPage","@id":"https:\/\/ozlembicer.com\/it\/prp\/","url":"https:\/\/ozlembicer.com\/it\/prp\/","name":"PRP | M.D. Ozlem BICER","isPartOf":{"@id":"https:\/\/ozlembicer.com\/it\/#website"},"primaryImageOfPage":{"@id":"https:\/\/ozlembicer.com\/it\/prp\/#primaryimage"},"image":{"@id":"https:\/\/ozlembicer.com\/it\/prp\/#primaryimage"},"thumbnailUrl":"https:\/\/ozlembicer.com\/it\/wp-content\/uploads\/2022\/04\/ozlem-bicer-200x200-1.png","datePublished":"2021-01-26T21:17:36+00:00","dateModified":"2022-05-17T21:51:55+00:00","breadcrumb":{"@id":"https:\/\/ozlembicer.com\/it\/prp\/#breadcrumb"},"inLanguage":"tr","potentialAction":[{"@type":"ReadAction","target":["https:\/\/ozlembicer.com\/it\/prp\/"]}]},{"@type":"ImageObject","inLanguage":"tr","@id":"https:\/\/ozlembicer.com\/it\/prp\/#primaryimage","url":"https:\/\/ozlembicer.com\/it\/wp-content\/uploads\/2022\/04\/ozlem-bicer-200x200-1.png","contentUrl":"https:\/\/ozlembicer.com\/it\/wp-content\/uploads\/2022\/04\/ozlem-bicer-200x200-1.png","width":200,"height":200},{"@type":"BreadcrumbList","@id":"https:\/\/ozlembicer.com\/it\/prp\/#breadcrumb","itemListElement":[{"@type":"ListItem","position":1,"name":"Anasayfa","item":"http:\/\/ozlembicer.com\/it\/"},{"@type":"ListItem","position":2,"name":"PRP"}]},{"@type":"WebSite","@id":"https:\/\/ozlembicer.com\/it\/#website","url":"https:\/\/ozlembicer.com\/it\/","name":"M.D. Ozlem BICER","description":"Aesthetics is where art and medicine meets.","publisher":{"@id":"https:\/\/ozlembicer.com\/it\/#organization"},"potentialAction":[{"@type":"SearchAction","target":{"@type":"EntryPoint","urlTemplate":"https:\/\/ozlembicer.com\/it\/?s={search_term_string}"},"query-input":{"@type":"PropertyValueSpecification","valueRequired":true,"valueName":"search_term_string"}}],"inLanguage":"tr"},{"@type":"Organization","@id":"https:\/\/ozlembicer.com\/it\/#organization","name":"Dr. \u00d6zlem Bi\u00e7er","url":"https:\/\/ozlembicer.com\/it\/","logo":{"@type":"ImageObject","inLanguage":"tr","@id":"https:\/\/ozlembicer.com\/it\/#\/schema\/logo\/image\/","url":"http:\/\/ozlembicer.com\/it\/wp-content\/uploads\/2022\/02\/ozlembicer-logo.jpeg","contentUrl":"http:\/\/ozlembicer.com\/it\/wp-content\/uploads\/2022\/02\/ozlembicer-logo.jpeg","width":1600,"height":1600,"caption":"Dr. \u00d6zlem Bi\u00e7er"},"image":{"@id":"https:\/\/ozlembicer.com\/it\/#\/schema\/logo\/image\/"}}]}},"_links":{"self":[{"href":"https:\/\/ozlembicer.com\/it\/wp-json\/wp\/v2\/pages\/12735","targetHints":{"allow":["GET"]}}],"collection":[{"href":"https:\/\/ozlembicer.com\/it\/wp-json\/wp\/v2\/pages"}],"about":[{"href":"https:\/\/ozlembicer.com\/it\/wp-json\/wp\/v2\/types\/page"}],"author":[{"embeddable":true,"href":"https:\/\/ozlembicer.com\/it\/wp-json\/wp\/v2\/users\/1"}],"replies":[{"embeddable":true,"href":"https:\/\/ozlembicer.com\/it\/wp-json\/wp\/v2\/comments?post=12735"}],"version-history":[{"count":2,"href":"https:\/\/ozlembicer.com\/it\/wp-json\/wp\/v2\/pages\/12735\/revisions"}],"predecessor-version":[{"id":13162,"href":"https:\/\/ozlembicer.com\/it\/wp-json\/wp\/v2\/pages\/12735\/revisions\/13162"}],"wp:featuredmedia":[{"embeddable":true,"href":"https:\/\/ozlembicer.com\/it\/wp-json\/wp\/v2\/media\/13085"}],"wp:attachment":[{"href":"https:\/\/ozlembicer.com\/it\/wp-json\/wp\/v2\/media?parent=12735"}],"curies":[{"name":"wp","href":"https:\/\/api.w.org\/{rel}","templated":true}]}}