{"id":12761,"date":"2021-01-27T08:34:58","date_gmt":"2021-01-27T08:34:58","guid":{"rendered":"https:\/\/ozlembicer.com\/it\/?page_id=12761"},"modified":"2022-05-17T14:58:08","modified_gmt":"2022-05-17T14:58:08","slug":"ozlem-bicer-covid-misure-adottate-in-clinica","status":"publish","type":"page","link":"https:\/\/ozlembicer.com\/it\/ozlem-bicer-covid-misure-adottate-in-clinica\/","title":{"rendered":"\u00d6zlem Bi\u00e7er Covid Misure adottate in clinica"},"content":{"rendered":"<p>[vc_row][vc_column][vc_column_text]<div id=\"wpfp_f542430ad7b0fb6ea6ef1cd2eb950b9e\" data-item=\"{&quot;sources&quot;:[{&quot;src&quot;:&quot;http:\\\/\\\/youtube.com\\\/watch?v=dvXwfWy5ago&quot;,&quot;type&quot;:&quot;video\\\/youtube&quot;}],&quot;splash&quot;:&quot;https:\\\/\\\/i.ytimg.com\\\/vi\\\/dvXwfWy5ago\\\/maxresdefault.jpg#auto&quot;}\" class=\"flowplayer no-brand is-splash is-paused skin-slim no-svg fp-slim fp-edgy is-youtube\" data-fv-embed=\"https:\/\/ozlembicer.com\/it\/ozlem-bicer-covid-misure-adottate-in-clinica\/fvp\/\" style=\"position:relative; max-width: 640px; max-height: 360px; \" data-ratio=\"0.5625\" data-engine=\"fvyoutube\">\n\t<div class=\"fp-ratio\" style=\"padding-top: 56.25%\"><\/div>\n\t<img decoding=\"async\" class=\"fp-splash\" alt=\"video\" src=\"https:\/\/i.ytimg.com\/vi\/dvXwfWy5ago\/maxresdefault.jpg#auto\" style=\"position:absolute;top:0;width:100%\" \/>\n\t<div class=\"fp-ui\"><noscript>Please enable JavaScript<\/noscript><div class=\"fp-play fp-visible\"><svg class=\"fp-play-sharp-fill\" xmlns=\"http:\/\/www.w3.org\/2000\/svg\" viewBox=\"0 0 100 100\"><defs><style>.fp-color-play{opacity:0.65;}.controlbutton{fill:#fff;}<\/style><\/defs><title>play-sharp-fill<\/title><path class=\"fp-color-play\" d=\"M49.9217-.078a50,50,0,1,0,50,50A50.0564,50.0564,0,0,0,49.9217-.078Z\"\/><polygon class=\"controlbutton\" points=\"73.601 50 37.968 70.573 37.968 29.427 73.601 50\" filter=\"url(#f1)\"\/><\/svg><\/div><div class=\"fp-preload\"><b><\/b><b><\/b><b><\/b><b><\/b><\/div><\/div>\n<div class='fvp-share-bar'><ul class=\"fvp-sharing\">\r\n    <li><a class=\"sharing-facebook\" href=\"https:\/\/www.facebook.com\/sharer\/sharer.php?u=https%3A%2F%2Fozlembicer.com%2Fit%2Fozlem-bicer-covid-misure-adottate-in-clinica%2F\" target=\"_blank\"><\/a><\/li>\r\n    <li><a class=\"sharing-twitter\" href=\"https:\/\/twitter.com\/intent\/tweet?text=M.D.+Ozlem+BICER+&url=https%3A%2F%2Fozlembicer.com%2Fit%2Fozlem-bicer-covid-misure-adottate-in-clinica%2F\" target=\"_blank\"><\/a><\/li>\r\n    <li><a class=\"sharing-email\" href=\"mailto:?body=Check%20out%20the%20amazing%20video%20here%3A%20https%3A%2F%2Fozlembicer.com%2Fit%2Fozlem-bicer-covid-misure-adottate-in-clinica%2F\" target=\"_blank\"><\/a><\/li><\/ul><div><a class=\"sharing-link\" href=\"https:\/\/ozlembicer.com\/it\/ozlem-bicer-covid-misure-adottate-in-clinica\/\" target=\"_blank\">Link<\/a><\/div><div><label><a class=\"embed-code-toggle\" href=\"#\"><strong>Embed<\/strong><\/a><\/label><\/div><div class=\"embed-code\"><label>Copy and paste this HTML code into your webpage to embed.<\/label><textarea><\/textarea><\/div><\/div>\n<\/div>\n<!-- link converted by FV Player  --><\/p>\n<p id=\"tw-target-text\" class=\"tw-data-text tw-text-large XcVN5d tw-ta\" dir=\"ltr\" data-placeholder=\"\u00c7eviri\"><strong>\u00d6zlem Bi\u00e7er Covid Misure adottate in clinica<\/strong><\/p>\n<p>\u00d6zlem Bi\u00e7er Clinicamente ci prendiamo cura della tua salute. Dunque;<\/p>\n<p>Il medico e il team clinico testano periodicamente il covid-19, riducendo al minimo il potenziale rischio di contaminazione. Il test Covid-19 di tutti i pazienti prima dell&#8217;intervento chirurgico viene eseguito gratuitamente dalla clinica.<\/p>\n<p>Ogni giorno libero dopo l&#8217;intervento chirurgico, la clinica viene disinfettata a intervalli regolari. La sala operatoria viene disinfettata ogni giorno con ultravioletti ed epafiltro. Tutti gli strumenti chirurgici utilizzati in sala operatoria sono monouso ed \u00e8 vietato entrare in sala operatoria ad eccezione del medico e dell&#8217;\u00e9quipe.<\/p>\n<p>I medici e tutto il personale clinico hanno ricevuto il vaccino contro il Covid-19. Il trapianto di capelli a giorni alterni viene eseguito nella nostra clinica tra il 1 marzo 2020 e il 1 marzo 2021. Pertanto, il rischio di contaminare il team e contaminare il paziente \u00e8 stato ridotto.<\/p>\n<p>A partire dal 1 marzo 2021, poich\u00e9 tutti i dipendenti clinici sono vaccinati contro il Covid-19 a dose piena e il processo di vaccinazione sar\u00e0 completato, il trapianto di capelli continuer\u00e0 ogni giorno, una volta al giorno.[\/vc_column_text][\/vc_column][\/vc_row]<\/p>\n","protected":false},"excerpt":{"rendered":"<p>[vc_row][vc_column][vc_column_text] \u00d6zlem Bi\u00e7er Covid Misure adottate in clinica \u00d6zlem Bi\u00e7er Clinicamente ci prendiamo cura della tua salute. Dunque; Il medico e il team clinico testano periodicamente il covid-19, riducendo al minimo il potenziale rischio di contaminazione. Il test Covid-19 di tutti i pazienti prima dell&#8217;intervento chirurgico viene eseguito gratuitamente dalla clinica. Ogni giorno libero dopo [&hellip;]<\/p>\n","protected":false},"author":1,"featured_media":13085,"parent":0,"menu_order":0,"comment_status":"closed","ping_status":"closed","template":"","meta":{"footnotes":""},"class_list":["post-12761","page","type-page","status-publish","has-post-thumbnail","hentry"],"acf":[],"yoast_head":"<!-- This site is optimized with the Yoast SEO plugin v24.5 - https:\/\/yoast.com\/wordpress\/plugins\/seo\/ -->\n<title>\u00d6zlem Bi\u00e7er Covid Misure adottate in clinica | M.D. Ozlem BICER<\/title>\n<meta name=\"robots\" content=\"index, follow, max-snippet:-1, max-image-preview:large, max-video-preview:-1\" \/>\n<link rel=\"canonical\" href=\"https:\/\/ozlembicer.com\/it\/ozlem-bicer-covid-misure-adottate-in-clinica\/\" \/>\n<meta property=\"og:locale\" content=\"tr_TR\" \/>\n<meta property=\"og:type\" content=\"article\" \/>\n<meta property=\"og:title\" content=\"\u00d6zlem Bi\u00e7er Covid Misure adottate in clinica | M.D. Ozlem BICER\" \/>\n<meta property=\"og:description\" content=\"[vc_row][vc_column][vc_column_text] \u00d6zlem Bi\u00e7er Covid Misure adottate in clinica \u00d6zlem Bi\u00e7er Clinicamente ci prendiamo cura della tua salute. Dunque; Il medico e il team clinico testano periodicamente il covid-19, riducendo al minimo il potenziale rischio di contaminazione. Il test Covid-19 di tutti i pazienti prima dell&#8217;intervento chirurgico viene eseguito gratuitamente dalla clinica. Ogni giorno libero dopo [&hellip;]\" \/>\n<meta property=\"og:url\" content=\"https:\/\/ozlembicer.com\/it\/ozlem-bicer-covid-misure-adottate-in-clinica\/\" \/>\n<meta property=\"og:site_name\" content=\"M.D. Ozlem BICER\" \/>\n<meta property=\"article:modified_time\" content=\"2022-05-17T14:58:08+00:00\" \/>\n<meta property=\"og:image\" content=\"https:\/\/ozlembicer.com\/it\/wp-content\/uploads\/2022\/04\/ozlem-bicer-200x200-1.png\" \/>\n\t<meta property=\"og:image:width\" content=\"200\" \/>\n\t<meta property=\"og:image:height\" content=\"200\" \/>\n\t<meta property=\"og:image:type\" content=\"image\/png\" \/>\n<meta name=\"twitter:card\" content=\"summary_large_image\" \/>\n<meta name=\"twitter:label1\" content=\"Tahmini okuma s\u00fcresi\" \/>\n\t<meta name=\"twitter:data1\" content=\"1 dakika\" \/>\n<script type=\"application\/ld+json\" class=\"yoast-schema-graph\">{\"@context\":\"https:\/\/schema.org\",\"@graph\":[{\"@type\":\"WebPage\",\"@id\":\"https:\/\/ozlembicer.com\/it\/ozlem-bicer-covid-misure-adottate-in-clinica\/\",\"url\":\"https:\/\/ozlembicer.com\/it\/ozlem-bicer-covid-misure-adottate-in-clinica\/\",\"name\":\"\u00d6zlem Bi\u00e7er Covid Misure adottate in clinica | M.D. Ozlem BICER\",\"isPartOf\":{\"@id\":\"https:\/\/ozlembicer.com\/it\/#website\"},\"primaryImageOfPage\":{\"@id\":\"https:\/\/ozlembicer.com\/it\/ozlem-bicer-covid-misure-adottate-in-clinica\/#primaryimage\"},\"image\":{\"@id\":\"https:\/\/ozlembicer.com\/it\/ozlem-bicer-covid-misure-adottate-in-clinica\/#primaryimage\"},\"thumbnailUrl\":\"https:\/\/ozlembicer.com\/it\/wp-content\/uploads\/2022\/04\/ozlem-bicer-200x200-1.png\",\"datePublished\":\"2021-01-27T08:34:58+00:00\",\"dateModified\":\"2022-05-17T14:58:08+00:00\",\"breadcrumb\":{\"@id\":\"https:\/\/ozlembicer.com\/it\/ozlem-bicer-covid-misure-adottate-in-clinica\/#breadcrumb\"},\"inLanguage\":\"tr\",\"potentialAction\":[{\"@type\":\"ReadAction\",\"target\":[\"https:\/\/ozlembicer.com\/it\/ozlem-bicer-covid-misure-adottate-in-clinica\/\"]}]},{\"@type\":\"ImageObject\",\"inLanguage\":\"tr\",\"@id\":\"https:\/\/ozlembicer.com\/it\/ozlem-bicer-covid-misure-adottate-in-clinica\/#primaryimage\",\"url\":\"https:\/\/ozlembicer.com\/it\/wp-content\/uploads\/2022\/04\/ozlem-bicer-200x200-1.png\",\"contentUrl\":\"https:\/\/ozlembicer.com\/it\/wp-content\/uploads\/2022\/04\/ozlem-bicer-200x200-1.png\",\"width\":200,\"height\":200},{\"@type\":\"BreadcrumbList\",\"@id\":\"https:\/\/ozlembicer.com\/it\/ozlem-bicer-covid-misure-adottate-in-clinica\/#breadcrumb\",\"itemListElement\":[{\"@type\":\"ListItem\",\"position\":1,\"name\":\"Anasayfa\",\"item\":\"http:\/\/ozlembicer.com\/it\/\"},{\"@type\":\"ListItem\",\"position\":2,\"name\":\"\u00d6zlem Bi\u00e7er Covid Misure adottate in clinica\"}]},{\"@type\":\"WebSite\",\"@id\":\"https:\/\/ozlembicer.com\/it\/#website\",\"url\":\"https:\/\/ozlembicer.com\/it\/\",\"name\":\"M.D. Ozlem BICER\",\"description\":\"Aesthetics is where art and medicine meets.\",\"publisher\":{\"@id\":\"https:\/\/ozlembicer.com\/it\/#organization\"},\"potentialAction\":[{\"@type\":\"SearchAction\",\"target\":{\"@type\":\"EntryPoint\",\"urlTemplate\":\"https:\/\/ozlembicer.com\/it\/?s={search_term_string}\"},\"query-input\":{\"@type\":\"PropertyValueSpecification\",\"valueRequired\":true,\"valueName\":\"search_term_string\"}}],\"inLanguage\":\"tr\"},{\"@type\":\"Organization\",\"@id\":\"https:\/\/ozlembicer.com\/it\/#organization\",\"name\":\"Dr. \u00d6zlem Bi\u00e7er\",\"url\":\"https:\/\/ozlembicer.com\/it\/\",\"logo\":{\"@type\":\"ImageObject\",\"inLanguage\":\"tr\",\"@id\":\"https:\/\/ozlembicer.com\/it\/#\/schema\/logo\/image\/\",\"url\":\"http:\/\/ozlembicer.com\/it\/wp-content\/uploads\/2022\/02\/ozlembicer-logo.jpeg\",\"contentUrl\":\"http:\/\/ozlembicer.com\/it\/wp-content\/uploads\/2022\/02\/ozlembicer-logo.jpeg\",\"width\":1600,\"height\":1600,\"caption\":\"Dr. \u00d6zlem Bi\u00e7er\"},\"image\":{\"@id\":\"https:\/\/ozlembicer.com\/it\/#\/schema\/logo\/image\/\"}}]}<\/script>\n<!-- \/ Yoast SEO plugin. -->","yoast_head_json":{"title":"\u00d6zlem Bi\u00e7er Covid Misure adottate in clinica | M.D. Ozlem BICER","robots":{"index":"index","follow":"follow","max-snippet":"max-snippet:-1","max-image-preview":"max-image-preview:large","max-video-preview":"max-video-preview:-1"},"canonical":"https:\/\/ozlembicer.com\/it\/ozlem-bicer-covid-misure-adottate-in-clinica\/","og_locale":"tr_TR","og_type":"article","og_title":"\u00d6zlem Bi\u00e7er Covid Misure adottate in clinica | M.D. Ozlem BICER","og_description":"[vc_row][vc_column][vc_column_text] \u00d6zlem Bi\u00e7er Covid Misure adottate in clinica \u00d6zlem Bi\u00e7er Clinicamente ci prendiamo cura della tua salute. Dunque; Il medico e il team clinico testano periodicamente il covid-19, riducendo al minimo il potenziale rischio di contaminazione. Il test Covid-19 di tutti i pazienti prima dell&#8217;intervento chirurgico viene eseguito gratuitamente dalla clinica. Ogni giorno libero dopo [&hellip;]","og_url":"https:\/\/ozlembicer.com\/it\/ozlem-bicer-covid-misure-adottate-in-clinica\/","og_site_name":"M.D. Ozlem BICER","article_modified_time":"2022-05-17T14:58:08+00:00","og_image":[{"width":200,"height":200,"url":"https:\/\/ozlembicer.com\/it\/wp-content\/uploads\/2022\/04\/ozlem-bicer-200x200-1.png","type":"image\/png"}],"twitter_card":"summary_large_image","twitter_misc":{"Tahmini okuma s\u00fcresi":"1 dakika"},"schema":{"@context":"https:\/\/schema.org","@graph":[{"@type":"WebPage","@id":"https:\/\/ozlembicer.com\/it\/ozlem-bicer-covid-misure-adottate-in-clinica\/","url":"https:\/\/ozlembicer.com\/it\/ozlem-bicer-covid-misure-adottate-in-clinica\/","name":"\u00d6zlem Bi\u00e7er Covid Misure adottate in clinica | M.D. Ozlem BICER","isPartOf":{"@id":"https:\/\/ozlembicer.com\/it\/#website"},"primaryImageOfPage":{"@id":"https:\/\/ozlembicer.com\/it\/ozlem-bicer-covid-misure-adottate-in-clinica\/#primaryimage"},"image":{"@id":"https:\/\/ozlembicer.com\/it\/ozlem-bicer-covid-misure-adottate-in-clinica\/#primaryimage"},"thumbnailUrl":"https:\/\/ozlembicer.com\/it\/wp-content\/uploads\/2022\/04\/ozlem-bicer-200x200-1.png","datePublished":"2021-01-27T08:34:58+00:00","dateModified":"2022-05-17T14:58:08+00:00","breadcrumb":{"@id":"https:\/\/ozlembicer.com\/it\/ozlem-bicer-covid-misure-adottate-in-clinica\/#breadcrumb"},"inLanguage":"tr","potentialAction":[{"@type":"ReadAction","target":["https:\/\/ozlembicer.com\/it\/ozlem-bicer-covid-misure-adottate-in-clinica\/"]}]},{"@type":"ImageObject","inLanguage":"tr","@id":"https:\/\/ozlembicer.com\/it\/ozlem-bicer-covid-misure-adottate-in-clinica\/#primaryimage","url":"https:\/\/ozlembicer.com\/it\/wp-content\/uploads\/2022\/04\/ozlem-bicer-200x200-1.png","contentUrl":"https:\/\/ozlembicer.com\/it\/wp-content\/uploads\/2022\/04\/ozlem-bicer-200x200-1.png","width":200,"height":200},{"@type":"BreadcrumbList","@id":"https:\/\/ozlembicer.com\/it\/ozlem-bicer-covid-misure-adottate-in-clinica\/#breadcrumb","itemListElement":[{"@type":"ListItem","position":1,"name":"Anasayfa","item":"http:\/\/ozlembicer.com\/it\/"},{"@type":"ListItem","position":2,"name":"\u00d6zlem Bi\u00e7er Covid Misure adottate in clinica"}]},{"@type":"WebSite","@id":"https:\/\/ozlembicer.com\/it\/#website","url":"https:\/\/ozlembicer.com\/it\/","name":"M.D. Ozlem BICER","description":"Aesthetics is where art and medicine meets.","publisher":{"@id":"https:\/\/ozlembicer.com\/it\/#organization"},"potentialAction":[{"@type":"SearchAction","target":{"@type":"EntryPoint","urlTemplate":"https:\/\/ozlembicer.com\/it\/?s={search_term_string}"},"query-input":{"@type":"PropertyValueSpecification","valueRequired":true,"valueName":"search_term_string"}}],"inLanguage":"tr"},{"@type":"Organization","@id":"https:\/\/ozlembicer.com\/it\/#organization","name":"Dr. \u00d6zlem Bi\u00e7er","url":"https:\/\/ozlembicer.com\/it\/","logo":{"@type":"ImageObject","inLanguage":"tr","@id":"https:\/\/ozlembicer.com\/it\/#\/schema\/logo\/image\/","url":"http:\/\/ozlembicer.com\/it\/wp-content\/uploads\/2022\/02\/ozlembicer-logo.jpeg","contentUrl":"http:\/\/ozlembicer.com\/it\/wp-content\/uploads\/2022\/02\/ozlembicer-logo.jpeg","width":1600,"height":1600,"caption":"Dr. \u00d6zlem Bi\u00e7er"},"image":{"@id":"https:\/\/ozlembicer.com\/it\/#\/schema\/logo\/image\/"}}]}},"_links":{"self":[{"href":"https:\/\/ozlembicer.com\/it\/wp-json\/wp\/v2\/pages\/12761","targetHints":{"allow":["GET"]}}],"collection":[{"href":"https:\/\/ozlembicer.com\/it\/wp-json\/wp\/v2\/pages"}],"about":[{"href":"https:\/\/ozlembicer.com\/it\/wp-json\/wp\/v2\/types\/page"}],"author":[{"embeddable":true,"href":"https:\/\/ozlembicer.com\/it\/wp-json\/wp\/v2\/users\/1"}],"replies":[{"embeddable":true,"href":"https:\/\/ozlembicer.com\/it\/wp-json\/wp\/v2\/comments?post=12761"}],"version-history":[{"count":5,"href":"https:\/\/ozlembicer.com\/it\/wp-json\/wp\/v2\/pages\/12761\/revisions"}],"predecessor-version":[{"id":13148,"href":"https:\/\/ozlembicer.com\/it\/wp-json\/wp\/v2\/pages\/12761\/revisions\/13148"}],"wp:featuredmedia":[{"embeddable":true,"href":"https:\/\/ozlembicer.com\/it\/wp-json\/wp\/v2\/media\/13085"}],"wp:attachment":[{"href":"https:\/\/ozlembicer.com\/it\/wp-json\/wp\/v2\/media?parent=12761"}],"curies":[{"name":"wp","href":"https:\/\/api.w.org\/{rel}","templated":true}]}}