{"id":2,"date":"2020-12-04T02:11:32","date_gmt":"2020-12-04T02:11:32","guid":{"rendered":"https:\/\/ozlembicer.com\/it\/?page_id=2"},"modified":"2022-05-17T15:15:49","modified_gmt":"2022-05-17T15:15:49","slug":"fut","status":"publish","type":"page","link":"https:\/\/ozlembicer.com\/it\/fut\/","title":{"rendered":"FUT"},"content":{"rendered":"<p>[vc_row][vc_column][vc_column_text]<\/p>\n<div id=\"wpfp_a58f64542038e377aa09deda5918caf1\" data-item=\"{&quot;sources&quot;:[{&quot;src&quot;:&quot;http:\\\/\\\/youtube.com\\\/watch?v=idSIhdT5B_U&quot;,&quot;type&quot;:&quot;video\\\/youtube&quot;}],&quot;splash&quot;:&quot;https:\\\/\\\/i.ytimg.com\\\/vi\\\/idSIhdT5B_U\\\/maxresdefault.jpg#auto&quot;}\" class=\"flowplayer no-brand is-splash is-paused skin-slim no-svg fp-slim fp-edgy is-youtube\" data-fv-embed=\"https:\/\/ozlembicer.com\/it\/fut\/fvp\/\" style=\"position:relative; max-width: 640px; max-height: 360px; \" data-ratio=\"0.5625\" data-engine=\"fvyoutube\">\n\t<div class=\"fp-ratio\" style=\"padding-top: 56.25%\"><\/div>\n\t<img decoding=\"async\" class=\"fp-splash\" alt=\"video\" src=\"https:\/\/i.ytimg.com\/vi\/idSIhdT5B_U\/maxresdefault.jpg#auto\" style=\"position:absolute;top:0;width:100%\" \/>\n\t<div class=\"fp-ui\"><noscript>Please enable JavaScript<\/noscript><div class=\"fp-play fp-visible\"><svg class=\"fp-play-sharp-fill\" xmlns=\"http:\/\/www.w3.org\/2000\/svg\" viewBox=\"0 0 100 100\"><defs><style>.fp-color-play{opacity:0.65;}.controlbutton{fill:#fff;}<\/style><\/defs><title>play-sharp-fill<\/title><path class=\"fp-color-play\" d=\"M49.9217-.078a50,50,0,1,0,50,50A50.0564,50.0564,0,0,0,49.9217-.078Z\"\/><polygon class=\"controlbutton\" points=\"73.601 50 37.968 70.573 37.968 29.427 73.601 50\" filter=\"url(#f1)\"\/><\/svg><\/div><div class=\"fp-preload\"><b><\/b><b><\/b><b><\/b><b><\/b><\/div><\/div>\n<div class='fvp-share-bar'><ul class=\"fvp-sharing\">\r\n    <li><a class=\"sharing-facebook\" href=\"https:\/\/www.facebook.com\/sharer\/sharer.php?u=https%3A%2F%2Fozlembicer.com%2Fit%2Ffut%2F\" target=\"_blank\"><\/a><\/li>\r\n    <li><a class=\"sharing-twitter\" href=\"https:\/\/twitter.com\/intent\/tweet?text=M.D.+Ozlem+BICER+&url=https%3A%2F%2Fozlembicer.com%2Fit%2Ffut%2F\" target=\"_blank\"><\/a><\/li>\r\n    <li><a class=\"sharing-email\" href=\"mailto:?body=Check%20out%20the%20amazing%20video%20here%3A%20https%3A%2F%2Fozlembicer.com%2Fit%2Ffut%2F\" target=\"_blank\"><\/a><\/li><\/ul><div><a class=\"sharing-link\" href=\"https:\/\/ozlembicer.com\/it\/fut\/\" target=\"_blank\">Link<\/a><\/div><div><label><a class=\"embed-code-toggle\" href=\"#\"><strong>Embed<\/strong><\/a><\/label><\/div><div class=\"embed-code\"><label>Copy and paste this HTML code into your webpage to embed.<\/label><textarea><\/textarea><\/div><\/div>\n<\/div>\n<!-- link converted by FV Player  --><\/p>\n<p>Il Dr. \u00d6zlem Bi\u00e7er \u00e8 un medico riconosciuto a livello internazionale, con oltre 22 anni di esperienza nel restauro dei capelli. Il giorno della tua procedura sarai l&#8217;unico paziente a subire l&#8217;operazione, ci\u00f2 significa che avrai un trattamento esclusivo e dedicato in ogni fase del tuo trapianto di capelli. Non esitare a contattarci per avere tutte le risposte alle tue domande.<\/p>\n<h3>FUT (trapianto di unit\u00e0 follicolari)<\/h3>\n<p><strong>La procedura:<\/strong> Il metodo FUT, noto anche come &#8220;metodo classico&#8221;, esiste da circa 20 anni. La procedura \u00e8 pi\u00f9 invasiva e il tempo di guarigione \u00e8 pi\u00f9 lungo in quanto richiede la rimozione di una striscia di tessuto dal cuoio capelluto del paziente. I follicoli piliferi poi, vengono rimossi uno ad uno e raggruppati in innesti per il trapianto. (Per ulteriori informazioni sulle differenze tra un follicolo e un innesto, fare clic qui.)<\/p>\n<p><strong>Vantaggio:<\/strong> Il paziente non ha bisogno di radersi i capelli prima dell&#8217;operazione e pu\u00f2 mantenere l&#8217;operazione completamente segreta se lo desidera. L&#8217;operazione viene completata in sole 4-6 ore e possono essere raccolti fino a 2000 innesti contemporaneamente. Pertanto, \u00e8 anche l&#8217;opzione pi\u00f9 conveniente, dal punto di vista del prezzo.<\/p>\n<p><strong>Svantaggio:<\/strong> La procedura lascia l&#8217;area donatrice con una cicatrice di 10-12 cm (4-5 pollici) e il paziente potrebbe voler evitare acconciature pi\u00f9 corte dopo l&#8217;operazione in modo che le cicatrici non siano visibili.<\/p>\n<p>&nbsp;<\/p>\n<p>[\/vc_column_text][\/vc_column][\/vc_row]<\/p>\n","protected":false},"excerpt":{"rendered":"<p>[vc_row][vc_column][vc_column_text] Il Dr. \u00d6zlem Bi\u00e7er \u00e8 un medico riconosciuto a livello internazionale, con oltre 22 anni di esperienza nel restauro dei capelli. Il giorno della tua procedura sarai l&#8217;unico paziente a subire l&#8217;operazione, ci\u00f2 significa che avrai un trattamento esclusivo e dedicato in ogni fase del tuo trapianto di capelli. Non esitare a contattarci per [&hellip;]<\/p>\n","protected":false},"author":1,"featured_media":13085,"parent":0,"menu_order":0,"comment_status":"closed","ping_status":"open","template":"","meta":{"footnotes":""},"class_list":["post-2","page","type-page","status-publish","has-post-thumbnail","hentry"],"acf":[],"yoast_head":"<!-- This site is optimized with the Yoast SEO plugin v24.5 - https:\/\/yoast.com\/wordpress\/plugins\/seo\/ -->\n<title>FUT | M.D. Ozlem BICER<\/title>\n<meta name=\"robots\" content=\"index, follow, max-snippet:-1, max-image-preview:large, max-video-preview:-1\" \/>\n<link rel=\"canonical\" href=\"https:\/\/ozlembicer.com\/it\/fut\/\" \/>\n<meta property=\"og:locale\" content=\"tr_TR\" \/>\n<meta property=\"og:type\" content=\"article\" \/>\n<meta property=\"og:title\" content=\"FUT | M.D. Ozlem BICER\" \/>\n<meta property=\"og:description\" content=\"[vc_row][vc_column][vc_column_text] Il Dr. \u00d6zlem Bi\u00e7er \u00e8 un medico riconosciuto a livello internazionale, con oltre 22 anni di esperienza nel restauro dei capelli. Il giorno della tua procedura sarai l&#8217;unico paziente a subire l&#8217;operazione, ci\u00f2 significa che avrai un trattamento esclusivo e dedicato in ogni fase del tuo trapianto di capelli. Non esitare a contattarci per [&hellip;]\" \/>\n<meta property=\"og:url\" content=\"https:\/\/ozlembicer.com\/it\/fut\/\" \/>\n<meta property=\"og:site_name\" content=\"M.D. Ozlem BICER\" \/>\n<meta property=\"article:modified_time\" content=\"2022-05-17T15:15:49+00:00\" \/>\n<meta property=\"og:image\" content=\"https:\/\/ozlembicer.com\/it\/wp-content\/uploads\/2022\/04\/ozlem-bicer-200x200-1.png\" \/>\n\t<meta property=\"og:image:width\" content=\"200\" \/>\n\t<meta property=\"og:image:height\" content=\"200\" \/>\n\t<meta property=\"og:image:type\" content=\"image\/png\" \/>\n<meta name=\"twitter:card\" content=\"summary_large_image\" \/>\n<meta name=\"twitter:label1\" content=\"Tahmini okuma s\u00fcresi\" \/>\n\t<meta name=\"twitter:data1\" content=\"1 dakika\" \/>\n<script type=\"application\/ld+json\" class=\"yoast-schema-graph\">{\"@context\":\"https:\/\/schema.org\",\"@graph\":[{\"@type\":\"WebPage\",\"@id\":\"https:\/\/ozlembicer.com\/it\/fut\/\",\"url\":\"https:\/\/ozlembicer.com\/it\/fut\/\",\"name\":\"FUT | M.D. Ozlem BICER\",\"isPartOf\":{\"@id\":\"https:\/\/ozlembicer.com\/it\/#website\"},\"primaryImageOfPage\":{\"@id\":\"https:\/\/ozlembicer.com\/it\/fut\/#primaryimage\"},\"image\":{\"@id\":\"https:\/\/ozlembicer.com\/it\/fut\/#primaryimage\"},\"thumbnailUrl\":\"https:\/\/ozlembicer.com\/it\/wp-content\/uploads\/2022\/04\/ozlem-bicer-200x200-1.png\",\"datePublished\":\"2020-12-04T02:11:32+00:00\",\"dateModified\":\"2022-05-17T15:15:49+00:00\",\"breadcrumb\":{\"@id\":\"https:\/\/ozlembicer.com\/it\/fut\/#breadcrumb\"},\"inLanguage\":\"tr\",\"potentialAction\":[{\"@type\":\"ReadAction\",\"target\":[\"https:\/\/ozlembicer.com\/it\/fut\/\"]}]},{\"@type\":\"ImageObject\",\"inLanguage\":\"tr\",\"@id\":\"https:\/\/ozlembicer.com\/it\/fut\/#primaryimage\",\"url\":\"https:\/\/ozlembicer.com\/it\/wp-content\/uploads\/2022\/04\/ozlem-bicer-200x200-1.png\",\"contentUrl\":\"https:\/\/ozlembicer.com\/it\/wp-content\/uploads\/2022\/04\/ozlem-bicer-200x200-1.png\",\"width\":200,\"height\":200},{\"@type\":\"BreadcrumbList\",\"@id\":\"https:\/\/ozlembicer.com\/it\/fut\/#breadcrumb\",\"itemListElement\":[{\"@type\":\"ListItem\",\"position\":1,\"name\":\"Anasayfa\",\"item\":\"http:\/\/ozlembicer.com\/it\/\"},{\"@type\":\"ListItem\",\"position\":2,\"name\":\"FUT\"}]},{\"@type\":\"WebSite\",\"@id\":\"https:\/\/ozlembicer.com\/it\/#website\",\"url\":\"https:\/\/ozlembicer.com\/it\/\",\"name\":\"M.D. Ozlem BICER\",\"description\":\"Aesthetics is where art and medicine meets.\",\"publisher\":{\"@id\":\"https:\/\/ozlembicer.com\/it\/#organization\"},\"potentialAction\":[{\"@type\":\"SearchAction\",\"target\":{\"@type\":\"EntryPoint\",\"urlTemplate\":\"https:\/\/ozlembicer.com\/it\/?s={search_term_string}\"},\"query-input\":{\"@type\":\"PropertyValueSpecification\",\"valueRequired\":true,\"valueName\":\"search_term_string\"}}],\"inLanguage\":\"tr\"},{\"@type\":\"Organization\",\"@id\":\"https:\/\/ozlembicer.com\/it\/#organization\",\"name\":\"Dr. \u00d6zlem Bi\u00e7er\",\"url\":\"https:\/\/ozlembicer.com\/it\/\",\"logo\":{\"@type\":\"ImageObject\",\"inLanguage\":\"tr\",\"@id\":\"https:\/\/ozlembicer.com\/it\/#\/schema\/logo\/image\/\",\"url\":\"http:\/\/ozlembicer.com\/it\/wp-content\/uploads\/2022\/02\/ozlembicer-logo.jpeg\",\"contentUrl\":\"http:\/\/ozlembicer.com\/it\/wp-content\/uploads\/2022\/02\/ozlembicer-logo.jpeg\",\"width\":1600,\"height\":1600,\"caption\":\"Dr. \u00d6zlem Bi\u00e7er\"},\"image\":{\"@id\":\"https:\/\/ozlembicer.com\/it\/#\/schema\/logo\/image\/\"}}]}<\/script>\n<!-- \/ Yoast SEO plugin. -->","yoast_head_json":{"title":"FUT | M.D. Ozlem BICER","robots":{"index":"index","follow":"follow","max-snippet":"max-snippet:-1","max-image-preview":"max-image-preview:large","max-video-preview":"max-video-preview:-1"},"canonical":"https:\/\/ozlembicer.com\/it\/fut\/","og_locale":"tr_TR","og_type":"article","og_title":"FUT | M.D. Ozlem BICER","og_description":"[vc_row][vc_column][vc_column_text] Il Dr. \u00d6zlem Bi\u00e7er \u00e8 un medico riconosciuto a livello internazionale, con oltre 22 anni di esperienza nel restauro dei capelli. Il giorno della tua procedura sarai l&#8217;unico paziente a subire l&#8217;operazione, ci\u00f2 significa che avrai un trattamento esclusivo e dedicato in ogni fase del tuo trapianto di capelli. Non esitare a contattarci per [&hellip;]","og_url":"https:\/\/ozlembicer.com\/it\/fut\/","og_site_name":"M.D. Ozlem BICER","article_modified_time":"2022-05-17T15:15:49+00:00","og_image":[{"width":200,"height":200,"url":"https:\/\/ozlembicer.com\/it\/wp-content\/uploads\/2022\/04\/ozlem-bicer-200x200-1.png","type":"image\/png"}],"twitter_card":"summary_large_image","twitter_misc":{"Tahmini okuma s\u00fcresi":"1 dakika"},"schema":{"@context":"https:\/\/schema.org","@graph":[{"@type":"WebPage","@id":"https:\/\/ozlembicer.com\/it\/fut\/","url":"https:\/\/ozlembicer.com\/it\/fut\/","name":"FUT | M.D. Ozlem BICER","isPartOf":{"@id":"https:\/\/ozlembicer.com\/it\/#website"},"primaryImageOfPage":{"@id":"https:\/\/ozlembicer.com\/it\/fut\/#primaryimage"},"image":{"@id":"https:\/\/ozlembicer.com\/it\/fut\/#primaryimage"},"thumbnailUrl":"https:\/\/ozlembicer.com\/it\/wp-content\/uploads\/2022\/04\/ozlem-bicer-200x200-1.png","datePublished":"2020-12-04T02:11:32+00:00","dateModified":"2022-05-17T15:15:49+00:00","breadcrumb":{"@id":"https:\/\/ozlembicer.com\/it\/fut\/#breadcrumb"},"inLanguage":"tr","potentialAction":[{"@type":"ReadAction","target":["https:\/\/ozlembicer.com\/it\/fut\/"]}]},{"@type":"ImageObject","inLanguage":"tr","@id":"https:\/\/ozlembicer.com\/it\/fut\/#primaryimage","url":"https:\/\/ozlembicer.com\/it\/wp-content\/uploads\/2022\/04\/ozlem-bicer-200x200-1.png","contentUrl":"https:\/\/ozlembicer.com\/it\/wp-content\/uploads\/2022\/04\/ozlem-bicer-200x200-1.png","width":200,"height":200},{"@type":"BreadcrumbList","@id":"https:\/\/ozlembicer.com\/it\/fut\/#breadcrumb","itemListElement":[{"@type":"ListItem","position":1,"name":"Anasayfa","item":"http:\/\/ozlembicer.com\/it\/"},{"@type":"ListItem","position":2,"name":"FUT"}]},{"@type":"WebSite","@id":"https:\/\/ozlembicer.com\/it\/#website","url":"https:\/\/ozlembicer.com\/it\/","name":"M.D. Ozlem BICER","description":"Aesthetics is where art and medicine meets.","publisher":{"@id":"https:\/\/ozlembicer.com\/it\/#organization"},"potentialAction":[{"@type":"SearchAction","target":{"@type":"EntryPoint","urlTemplate":"https:\/\/ozlembicer.com\/it\/?s={search_term_string}"},"query-input":{"@type":"PropertyValueSpecification","valueRequired":true,"valueName":"search_term_string"}}],"inLanguage":"tr"},{"@type":"Organization","@id":"https:\/\/ozlembicer.com\/it\/#organization","name":"Dr. \u00d6zlem Bi\u00e7er","url":"https:\/\/ozlembicer.com\/it\/","logo":{"@type":"ImageObject","inLanguage":"tr","@id":"https:\/\/ozlembicer.com\/it\/#\/schema\/logo\/image\/","url":"http:\/\/ozlembicer.com\/it\/wp-content\/uploads\/2022\/02\/ozlembicer-logo.jpeg","contentUrl":"http:\/\/ozlembicer.com\/it\/wp-content\/uploads\/2022\/02\/ozlembicer-logo.jpeg","width":1600,"height":1600,"caption":"Dr. \u00d6zlem Bi\u00e7er"},"image":{"@id":"https:\/\/ozlembicer.com\/it\/#\/schema\/logo\/image\/"}}]}},"_links":{"self":[{"href":"https:\/\/ozlembicer.com\/it\/wp-json\/wp\/v2\/pages\/2","targetHints":{"allow":["GET"]}}],"collection":[{"href":"https:\/\/ozlembicer.com\/it\/wp-json\/wp\/v2\/pages"}],"about":[{"href":"https:\/\/ozlembicer.com\/it\/wp-json\/wp\/v2\/types\/page"}],"author":[{"embeddable":true,"href":"https:\/\/ozlembicer.com\/it\/wp-json\/wp\/v2\/users\/1"}],"replies":[{"embeddable":true,"href":"https:\/\/ozlembicer.com\/it\/wp-json\/wp\/v2\/comments?post=2"}],"version-history":[{"count":6,"href":"https:\/\/ozlembicer.com\/it\/wp-json\/wp\/v2\/pages\/2\/revisions"}],"predecessor-version":[{"id":13150,"href":"https:\/\/ozlembicer.com\/it\/wp-json\/wp\/v2\/pages\/2\/revisions\/13150"}],"wp:featuredmedia":[{"embeddable":true,"href":"https:\/\/ozlembicer.com\/it\/wp-json\/wp\/v2\/media\/13085"}],"wp:attachment":[{"href":"https:\/\/ozlembicer.com\/it\/wp-json\/wp\/v2\/media?parent=2"}],"curies":[{"name":"wp","href":"https:\/\/api.w.org\/{rel}","templated":true}]}}