{"id":8516,"date":"2018-11-30T06:49:24","date_gmt":"2018-11-30T06:49:24","guid":{"rendered":"http:\/\/localhost\/projects\/solar\/?page_id=8516"},"modified":"2025-11-29T13:46:56","modified_gmt":"2025-11-29T13:46:56","slug":"chi-siamo","status":"publish","type":"page","link":"https:\/\/ozlembicer.com\/it\/chi-siamo\/","title":{"rendered":"Chi siamo"},"content":{"rendered":"<p>[vc_row thsn-bg-color=&#8221;white&#8221; content_placement=&#8221;middle&#8221;][vc_column width=&#8221;1\/2&#8243; css=&#8221;.vc_custom_1565181653979{padding-right: 70px !important;}&#8221; thsn-responsive-css=&#8221;95415368|colbreak_no|||||||||colbreak_no|||||||||colbreak_no||||||15||||colbreak_no|||||||||&#8221;][vc_column_text]<\/p>\n<ul>\n<li>Abbiamo uno dei team di trapianti di capelli pi\u00f9 esperti e qualificati in Turchia. Il nostro medico, il Dr. \u00d6zlem Bi\u00e7er, \u00e8 un medico certificato dalla International Society of Hair Restauration Surgery (ISHRS). Il nostro team medico \u00e8 composto da infermieri altamente qualificati e altamente qualificati.<\/li>\n<li><i class=\"ion-ios-arrow-thin-right\"><\/i>A differenza della maggior parte delle cliniche turche di trapianto di capelli, riteniamo che il ripristino dei capelli debba essere eseguito solo da medici.<\/li>\n<li><i class=\"ion-ios-arrow-thin-right\"><\/i>Prendiamo solo un paziente al giorno e lo stesso team esegue tutte le procedure. Daremo tutta la nostra attenzione per fornire il miglior servizio per te.<\/li>\n<li><i class=\"ion-ios-arrow-thin-right\"><\/i>La clinica del Dr. \u00d6zlem Bi\u00e7er \u00e8 una delle rarissime cliniche autorizzate in Turchia e il tuo processo verr\u00e0 eseguito nel nostro teatro di trapianto di capelli della nostra clinica.<\/li>\n<\/ul>\n<p>&nbsp;<\/p>\n<p><strong>info@ozlembicer.com<\/strong>[\/vc_column_text][\/vc_column][vc_column width=&#8221;1\/2&#8243; css=&#8221;.vc_custom_1565181581965{padding-left: 63px !important;}&#8221; thsn-responsive-css=&#8221;59569854|colbreak_no|||||||||colbreak_no|||||||||colbreak_no|40|||||||15||colbreak_no|||||||||&#8221;]<div  class=\"thsn-single-image-w thsn-single-hover-yes thsn-video-image-style-1 thsn-small-text-pos-bottom\"><img loading=\"lazy\" decoding=\"async\" width=\"2560\" height=\"1707\" src=\"https:\/\/ozlembicer.com\/it\/wp-content\/uploads\/2020\/12\/IMG_7113-scaled.jpg\" class=\"thsn_vc_single_image-img attachment-full\" alt=\"\" srcset=\"https:\/\/ozlembicer.com\/it\/wp-content\/uploads\/2020\/12\/IMG_7113-scaled.jpg 2560w, https:\/\/ozlembicer.com\/it\/wp-content\/uploads\/2020\/12\/IMG_7113-300x200.jpg 300w, https:\/\/ozlembicer.com\/it\/wp-content\/uploads\/2020\/12\/IMG_7113-1024x683.jpg 1024w, https:\/\/ozlembicer.com\/it\/wp-content\/uploads\/2020\/12\/IMG_7113-768x512.jpg 768w, https:\/\/ozlembicer.com\/it\/wp-content\/uploads\/2020\/12\/IMG_7113-1536x1024.jpg 1536w, https:\/\/ozlembicer.com\/it\/wp-content\/uploads\/2020\/12\/IMG_7113-2048x1365.jpg 2048w, https:\/\/ozlembicer.com\/it\/wp-content\/uploads\/2020\/12\/IMG_7113-770x513.jpg 770w\" sizes=\"auto, (max-width: 2560px) 100vw, 2560px\" data-id=\"12373\" \/><div class=\"thsn-overlay\">[vc_icon icon_fontawesome=\"fa fa-play\" icon_thsn_dentiq_icon=\"thsn-dentiq-icon thsn-dentiq-icon-light\" icon_sgicon=\"sgicon sgicon-WorldWide\" icon_linecons=\"vc_li vc_li-heart\" icon_monosocial=\"vc-mono vc-mono-fivehundredpx\" link=\"url:https%3A%2F%2Fwww.youtube.com%2Fwatch%3Fv%3DzjiOQL0d-m0|||\" el_class=\"thsn-lightbox thsn-lightbox-video\"]<\/div><a href=\"https:\/\/www.youtube.com\/watch?v=zjiOQL0d-m0\" class=\"thsn-lightbox thsn-lightbox-video\"><span class=\"themesion-hide\">Click Here<\/span><\/a><\/div>[\/vc_column][\/vc_row][vc_row][vc_column thsn-text-color=&#8221;white&#8221; thsn-bg-color=&#8221;blackish&#8221;][\/vc_column][\/vc_row]<\/p>\n","protected":false},"excerpt":{"rendered":"<p>[vc_row thsn-bg-color=&#8221;white&#8221; content_placement=&#8221;middle&#8221;][vc_column width=&#8221;1\/2&#8243; css=&#8221;.vc_custom_1565181653979{padding-right: 70px !important;}&#8221; thsn-responsive-css=&#8221;95415368|colbreak_no|||||||||colbreak_no|||||||||colbreak_no||||||15||||colbreak_no|||||||||&#8221;][vc_column_text] Abbiamo uno dei team di trapianti di capelli pi\u00f9 esperti e qualificati in Turchia. Il nostro medico, il Dr. \u00d6zlem Bi\u00e7er, \u00e8 un medico certificato dalla International Society of Hair Restauration Surgery (ISHRS). Il nostro team medico \u00e8 composto da infermieri altamente qualificati e altamente qualificati. A [&hellip;]<\/p>\n","protected":false},"author":1,"featured_media":13085,"parent":0,"menu_order":4,"comment_status":"closed","ping_status":"closed","template":"","meta":{"footnotes":""},"class_list":["post-8516","page","type-page","status-publish","has-post-thumbnail","hentry"],"acf":[],"yoast_head":"<!-- This site is optimized with the Yoast SEO plugin v24.5 - https:\/\/yoast.com\/wordpress\/plugins\/seo\/ -->\n<title>Chi siamo | M.D. Ozlem BICER<\/title>\n<meta name=\"robots\" content=\"index, follow, max-snippet:-1, max-image-preview:large, max-video-preview:-1\" \/>\n<link rel=\"canonical\" href=\"https:\/\/ozlembicer.com\/it\/chi-siamo\/\" \/>\n<meta property=\"og:locale\" content=\"tr_TR\" \/>\n<meta property=\"og:type\" content=\"article\" \/>\n<meta property=\"og:title\" content=\"Chi siamo | M.D. Ozlem BICER\" \/>\n<meta property=\"og:description\" content=\"[vc_row thsn-bg-color=&#8221;white&#8221; content_placement=&#8221;middle&#8221;][vc_column width=&#8221;1\/2&#8243; css=&#8221;.vc_custom_1565181653979{padding-right: 70px !important;}&#8221; thsn-responsive-css=&#8221;95415368|colbreak_no|||||||||colbreak_no|||||||||colbreak_no||||||15||||colbreak_no|||||||||&#8221;][vc_column_text] Abbiamo uno dei team di trapianti di capelli pi\u00f9 esperti e qualificati in Turchia. Il nostro medico, il Dr. \u00d6zlem Bi\u00e7er, \u00e8 un medico certificato dalla International Society of Hair Restauration Surgery (ISHRS). Il nostro team medico \u00e8 composto da infermieri altamente qualificati e altamente qualificati. A [&hellip;]\" \/>\n<meta property=\"og:url\" content=\"https:\/\/ozlembicer.com\/it\/chi-siamo\/\" \/>\n<meta property=\"og:site_name\" content=\"M.D. Ozlem BICER\" \/>\n<meta property=\"article:modified_time\" content=\"2025-11-29T13:46:56+00:00\" \/>\n<meta property=\"og:image\" content=\"http:\/\/ozlembicer.com\/it\/wp-content\/uploads\/2022\/04\/ozlem-bicer-200x200-1.png\" \/>\n\t<meta property=\"og:image:width\" content=\"200\" \/>\n\t<meta property=\"og:image:height\" content=\"200\" \/>\n\t<meta property=\"og:image:type\" content=\"image\/png\" \/>\n<meta name=\"twitter:card\" content=\"summary_large_image\" \/>\n<meta name=\"twitter:label1\" content=\"Tahmini okuma s\u00fcresi\" \/>\n\t<meta name=\"twitter:data1\" content=\"1 dakika\" \/>\n<script type=\"application\/ld+json\" class=\"yoast-schema-graph\">{\"@context\":\"https:\/\/schema.org\",\"@graph\":[{\"@type\":\"WebPage\",\"@id\":\"https:\/\/ozlembicer.com\/it\/chi-siamo\/\",\"url\":\"https:\/\/ozlembicer.com\/it\/chi-siamo\/\",\"name\":\"Chi siamo | M.D. Ozlem BICER\",\"isPartOf\":{\"@id\":\"https:\/\/ozlembicer.com\/it\/#website\"},\"primaryImageOfPage\":{\"@id\":\"https:\/\/ozlembicer.com\/it\/chi-siamo\/#primaryimage\"},\"image\":{\"@id\":\"https:\/\/ozlembicer.com\/it\/chi-siamo\/#primaryimage\"},\"thumbnailUrl\":\"https:\/\/ozlembicer.com\/it\/wp-content\/uploads\/2022\/04\/ozlem-bicer-200x200-1.png\",\"datePublished\":\"2018-11-30T06:49:24+00:00\",\"dateModified\":\"2025-11-29T13:46:56+00:00\",\"breadcrumb\":{\"@id\":\"https:\/\/ozlembicer.com\/it\/chi-siamo\/#breadcrumb\"},\"inLanguage\":\"tr\",\"potentialAction\":[{\"@type\":\"ReadAction\",\"target\":[\"https:\/\/ozlembicer.com\/it\/chi-siamo\/\"]}]},{\"@type\":\"ImageObject\",\"inLanguage\":\"tr\",\"@id\":\"https:\/\/ozlembicer.com\/it\/chi-siamo\/#primaryimage\",\"url\":\"https:\/\/ozlembicer.com\/it\/wp-content\/uploads\/2022\/04\/ozlem-bicer-200x200-1.png\",\"contentUrl\":\"https:\/\/ozlembicer.com\/it\/wp-content\/uploads\/2022\/04\/ozlem-bicer-200x200-1.png\",\"width\":200,\"height\":200},{\"@type\":\"BreadcrumbList\",\"@id\":\"https:\/\/ozlembicer.com\/it\/chi-siamo\/#breadcrumb\",\"itemListElement\":[{\"@type\":\"ListItem\",\"position\":1,\"name\":\"Anasayfa\",\"item\":\"http:\/\/ozlembicer.com\/it\/\"},{\"@type\":\"ListItem\",\"position\":2,\"name\":\"Chi siamo\"}]},{\"@type\":\"WebSite\",\"@id\":\"https:\/\/ozlembicer.com\/it\/#website\",\"url\":\"https:\/\/ozlembicer.com\/it\/\",\"name\":\"M.D. Ozlem BICER\",\"description\":\"Aesthetics is where art and medicine meets.\",\"publisher\":{\"@id\":\"https:\/\/ozlembicer.com\/it\/#organization\"},\"potentialAction\":[{\"@type\":\"SearchAction\",\"target\":{\"@type\":\"EntryPoint\",\"urlTemplate\":\"https:\/\/ozlembicer.com\/it\/?s={search_term_string}\"},\"query-input\":{\"@type\":\"PropertyValueSpecification\",\"valueRequired\":true,\"valueName\":\"search_term_string\"}}],\"inLanguage\":\"tr\"},{\"@type\":\"Organization\",\"@id\":\"https:\/\/ozlembicer.com\/it\/#organization\",\"name\":\"Dr. \u00d6zlem Bi\u00e7er\",\"url\":\"https:\/\/ozlembicer.com\/it\/\",\"logo\":{\"@type\":\"ImageObject\",\"inLanguage\":\"tr\",\"@id\":\"https:\/\/ozlembicer.com\/it\/#\/schema\/logo\/image\/\",\"url\":\"http:\/\/ozlembicer.com\/it\/wp-content\/uploads\/2022\/02\/ozlembicer-logo.jpeg\",\"contentUrl\":\"http:\/\/ozlembicer.com\/it\/wp-content\/uploads\/2022\/02\/ozlembicer-logo.jpeg\",\"width\":1600,\"height\":1600,\"caption\":\"Dr. \u00d6zlem Bi\u00e7er\"},\"image\":{\"@id\":\"https:\/\/ozlembicer.com\/it\/#\/schema\/logo\/image\/\"}}]}<\/script>\n<!-- \/ Yoast SEO plugin. -->","yoast_head_json":{"title":"Chi siamo | M.D. Ozlem BICER","robots":{"index":"index","follow":"follow","max-snippet":"max-snippet:-1","max-image-preview":"max-image-preview:large","max-video-preview":"max-video-preview:-1"},"canonical":"https:\/\/ozlembicer.com\/it\/chi-siamo\/","og_locale":"tr_TR","og_type":"article","og_title":"Chi siamo | M.D. Ozlem BICER","og_description":"[vc_row thsn-bg-color=&#8221;white&#8221; content_placement=&#8221;middle&#8221;][vc_column width=&#8221;1\/2&#8243; css=&#8221;.vc_custom_1565181653979{padding-right: 70px !important;}&#8221; thsn-responsive-css=&#8221;95415368|colbreak_no|||||||||colbreak_no|||||||||colbreak_no||||||15||||colbreak_no|||||||||&#8221;][vc_column_text] Abbiamo uno dei team di trapianti di capelli pi\u00f9 esperti e qualificati in Turchia. Il nostro medico, il Dr. \u00d6zlem Bi\u00e7er, \u00e8 un medico certificato dalla International Society of Hair Restauration Surgery (ISHRS). Il nostro team medico \u00e8 composto da infermieri altamente qualificati e altamente qualificati. A [&hellip;]","og_url":"https:\/\/ozlembicer.com\/it\/chi-siamo\/","og_site_name":"M.D. Ozlem BICER","article_modified_time":"2025-11-29T13:46:56+00:00","og_image":[{"width":200,"height":200,"url":"http:\/\/ozlembicer.com\/it\/wp-content\/uploads\/2022\/04\/ozlem-bicer-200x200-1.png","type":"image\/png"}],"twitter_card":"summary_large_image","twitter_misc":{"Tahmini okuma s\u00fcresi":"1 dakika"},"schema":{"@context":"https:\/\/schema.org","@graph":[{"@type":"WebPage","@id":"https:\/\/ozlembicer.com\/it\/chi-siamo\/","url":"https:\/\/ozlembicer.com\/it\/chi-siamo\/","name":"Chi siamo | M.D. Ozlem BICER","isPartOf":{"@id":"https:\/\/ozlembicer.com\/it\/#website"},"primaryImageOfPage":{"@id":"https:\/\/ozlembicer.com\/it\/chi-siamo\/#primaryimage"},"image":{"@id":"https:\/\/ozlembicer.com\/it\/chi-siamo\/#primaryimage"},"thumbnailUrl":"https:\/\/ozlembicer.com\/it\/wp-content\/uploads\/2022\/04\/ozlem-bicer-200x200-1.png","datePublished":"2018-11-30T06:49:24+00:00","dateModified":"2025-11-29T13:46:56+00:00","breadcrumb":{"@id":"https:\/\/ozlembicer.com\/it\/chi-siamo\/#breadcrumb"},"inLanguage":"tr","potentialAction":[{"@type":"ReadAction","target":["https:\/\/ozlembicer.com\/it\/chi-siamo\/"]}]},{"@type":"ImageObject","inLanguage":"tr","@id":"https:\/\/ozlembicer.com\/it\/chi-siamo\/#primaryimage","url":"https:\/\/ozlembicer.com\/it\/wp-content\/uploads\/2022\/04\/ozlem-bicer-200x200-1.png","contentUrl":"https:\/\/ozlembicer.com\/it\/wp-content\/uploads\/2022\/04\/ozlem-bicer-200x200-1.png","width":200,"height":200},{"@type":"BreadcrumbList","@id":"https:\/\/ozlembicer.com\/it\/chi-siamo\/#breadcrumb","itemListElement":[{"@type":"ListItem","position":1,"name":"Anasayfa","item":"http:\/\/ozlembicer.com\/it\/"},{"@type":"ListItem","position":2,"name":"Chi siamo"}]},{"@type":"WebSite","@id":"https:\/\/ozlembicer.com\/it\/#website","url":"https:\/\/ozlembicer.com\/it\/","name":"M.D. Ozlem BICER","description":"Aesthetics is where art and medicine meets.","publisher":{"@id":"https:\/\/ozlembicer.com\/it\/#organization"},"potentialAction":[{"@type":"SearchAction","target":{"@type":"EntryPoint","urlTemplate":"https:\/\/ozlembicer.com\/it\/?s={search_term_string}"},"query-input":{"@type":"PropertyValueSpecification","valueRequired":true,"valueName":"search_term_string"}}],"inLanguage":"tr"},{"@type":"Organization","@id":"https:\/\/ozlembicer.com\/it\/#organization","name":"Dr. \u00d6zlem Bi\u00e7er","url":"https:\/\/ozlembicer.com\/it\/","logo":{"@type":"ImageObject","inLanguage":"tr","@id":"https:\/\/ozlembicer.com\/it\/#\/schema\/logo\/image\/","url":"http:\/\/ozlembicer.com\/it\/wp-content\/uploads\/2022\/02\/ozlembicer-logo.jpeg","contentUrl":"http:\/\/ozlembicer.com\/it\/wp-content\/uploads\/2022\/02\/ozlembicer-logo.jpeg","width":1600,"height":1600,"caption":"Dr. \u00d6zlem Bi\u00e7er"},"image":{"@id":"https:\/\/ozlembicer.com\/it\/#\/schema\/logo\/image\/"}}]}},"_links":{"self":[{"href":"https:\/\/ozlembicer.com\/it\/wp-json\/wp\/v2\/pages\/8516","targetHints":{"allow":["GET"]}}],"collection":[{"href":"https:\/\/ozlembicer.com\/it\/wp-json\/wp\/v2\/pages"}],"about":[{"href":"https:\/\/ozlembicer.com\/it\/wp-json\/wp\/v2\/types\/page"}],"author":[{"embeddable":true,"href":"https:\/\/ozlembicer.com\/it\/wp-json\/wp\/v2\/users\/1"}],"replies":[{"embeddable":true,"href":"https:\/\/ozlembicer.com\/it\/wp-json\/wp\/v2\/comments?post=8516"}],"version-history":[{"count":12,"href":"https:\/\/ozlembicer.com\/it\/wp-json\/wp\/v2\/pages\/8516\/revisions"}],"predecessor-version":[{"id":13234,"href":"https:\/\/ozlembicer.com\/it\/wp-json\/wp\/v2\/pages\/8516\/revisions\/13234"}],"wp:featuredmedia":[{"embeddable":true,"href":"https:\/\/ozlembicer.com\/it\/wp-json\/wp\/v2\/media\/13085"}],"wp:attachment":[{"href":"https:\/\/ozlembicer.com\/it\/wp-json\/wp\/v2\/media?parent=8516"}],"curies":[{"name":"wp","href":"https:\/\/api.w.org\/{rel}","templated":true}]}}